 {"id":164,"date":"2025-07-24T21:13:54","date_gmt":"2025-07-24T21:13:54","guid":{"rendered":"https:\/\/pulptogo.com\/?post_type=product&#038;p=164"},"modified":"2025-08-29T02:23:57","modified_gmt":"2025-08-29T02:23:57","slug":"pulpa-pina-hierbabuena-natural","status":"publish","type":"product","link":"https:\/\/pulptogo.com\/en\/product\/pulpa-pina-hierbabuena-natural\/","title":{"rendered":"PINEAPPLE PULP MINT"},"content":{"rendered":"<h2 data-section-id=\"1834cih\" data-start=\"529\" data-end=\"562\"><strong data-start=\"535\" data-end=\"562\">INFORMACI\u00d3N NUTRICIONAL<\/strong><\/h2>\n<p data-start=\"564\" data-end=\"826\">Disfruta de una experiencia refrescante, saludable y deliciosa con nuestra <strong data-start=\"639\" data-end=\"685\">Pulpa de Pi\u00f1a con Hierbabuena 100% natural<\/strong>. Hecha con ingredientes seleccionados desde campos colombianos, esta mezcla aporta sabor, nutrici\u00f3n y frescura sin conservantes ni aditivos.<\/p>\n<h3 data-section-id=\"1sue2gi\" data-start=\"828\" data-end=\"865\"><strong data-start=\"837\" data-end=\"865\">Beneficios del Producto:<\/strong><\/h3>\n<ul data-start=\"866\" data-end=\"1177\">\n<li data-start=\"866\" data-end=\"951\">\n<p data-start=\"868\" data-end=\"951\">Fuente natural de <strong data-start=\"886\" data-end=\"900\">vitamina C<\/strong>, <strong data-start=\"902\" data-end=\"915\">bromelina<\/strong> (enzima digestiva) y antioxidantes.<\/p>\n<\/li>\n<li data-start=\"952\" data-end=\"1009\">\n<p data-start=\"954\" data-end=\"1009\"><strong data-start=\"954\" data-end=\"969\">Hierbabuena<\/strong> con propiedades digestivas y calmantes.<\/p>\n<\/li>\n<li data-start=\"1010\" data-end=\"1058\">\n<p data-start=\"1012\" data-end=\"1058\">Apoya la salud inmunol\u00f3gica, \u00f3sea y digestiva.<\/p>\n<\/li>\n<li data-start=\"1059\" data-end=\"1120\">\n<p data-start=\"1061\" data-end=\"1120\">Sabor refrescante que reduce el estr\u00e9s y mejora el aliento.<\/p>\n<\/li>\n<li data-start=\"1121\" data-end=\"1177\">\n<p data-start=\"1123\" data-end=\"1177\">Producto 100% natural, sin az\u00facar a\u00f1adida ni qu\u00edmicos.<\/p>\n<\/li>\n<\/ul>\n<h3 data-section-id=\"1fwq65g\" data-start=\"1184\" data-end=\"1224\"><strong data-start=\"1190\" data-end=\"1224\">Recomendaciones y Modo de Uso:<\/strong><\/h3>\n<ul data-start=\"1225\" data-end=\"1513\">\n<li data-start=\"1225\" data-end=\"1280\">\n<p data-start=\"1227\" data-end=\"1280\">Prepara jugos funcionales y batidos con agua o hielo.<\/p>\n<\/li>\n<li data-start=\"1281\" data-end=\"1346\">\n<p data-start=\"1283\" data-end=\"1346\">\u00dasala en smoothies detox, postres fr\u00edos o reposter\u00eda saludable.<\/p>\n<\/li>\n<li data-start=\"1347\" data-end=\"1431\">\n<p data-start=\"1349\" data-end=\"1431\">Ideal para personas que buscan <strong data-start=\"1380\" data-end=\"1414\">practicidad, nutrici\u00f3n y sabor<\/strong> en su d\u00eda a d\u00eda.<\/p>\n<\/li>\n<li data-start=\"1432\" data-end=\"1513\">\n<p data-start=\"1434\" data-end=\"1513\">Puede utilizarse en bebidas fr\u00edas, cocteles o como base para helados y paletas.<\/p>\n<\/li>\n<\/ul>","protected":false},"excerpt":{"rendered":"<p>Disfruta la mezcla perfecta entre la dulzura tropical de la pi\u00f1a y el toque herbal y fresco de la hierbabuena. Una combinaci\u00f3n deliciosa, 100% natural.<\/p>","protected":false},"featured_media":166,"comment_status":"open","ping_status":"closed","template":"","meta":[],"product_brand":[],"product_cat":[27],"product_tag":[],"class_list":{"0":"post-164","1":"product","2":"type-product","3":"status-publish","4":"has-post-thumbnail","6":"product_cat-perdida-de-peso","8":"first","9":"instock","10":"shipping-taxable","11":"purchasable","12":"product-type-simple"},"yoast_head":"<!-- This site is optimized with the Yoast SEO plugin v27.3 - https:\/\/yoast.com\/product\/yoast-seo-wordpress\/ -->\n<title>Pulpa de pi\u00f1a con hierbabuena | Natural y sin conservantes<\/title>\n<meta name=\"description\" content=\"Refresca y cuida tu salud con pulpa de pi\u00f1a con hierbabuena natural. Sin conservantes, ideal para jugos y smoothies. \u00a1Pru\u00e9bala hoy!\" \/>\n<meta name=\"robots\" content=\"index, follow, max-snippet:-1, max-image-preview:large, max-video-preview:-1\" \/>\n<link rel=\"canonical\" href=\"https:\/\/pulptogo.com\/en\/product\/pulpa-pina-hierbabuena-natural\/\" \/>\n<meta property=\"og:locale\" content=\"en_US\" \/>\n<meta property=\"og:type\" content=\"article\" \/>\n<meta property=\"og:title\" content=\"\ud83c\udf3f Pulpa Natural de Pi\u00f1a con Hierbabuena | Refrescante y Saludable\" \/>\n<meta property=\"og:description\" content=\"\u00bfPoco tiempo y quieres cuidarte? Esta pulpa de pi\u00f1a con hierbabuena es para ti. Natural, sin conservantes, deliciosa y lista para usar \ud83c\udf4d\ud83c\udf31 \u00a1Ideal para toda la familia!\" \/>\n<meta property=\"og:url\" content=\"https:\/\/pulptogo.com\/en\/product\/pulpa-pina-hierbabuena-natural\/\" \/>\n<meta property=\"og:site_name\" content=\"PulpToGo\" \/>\n<meta property=\"article:publisher\" content=\"https:\/\/www.facebook.com\/profile.php?id=61569678068479\" \/>\n<meta property=\"article:modified_time\" content=\"2025-08-29T02:23:57+00:00\" \/>\n<meta property=\"og:image\" content=\"https:\/\/pulptogo.com\/wp-content\/uploads\/2025\/07\/PRODUCTO-1.webp\" \/>\n\t<meta property=\"og:image:width\" content=\"400\" \/>\n\t<meta property=\"og:image:height\" content=\"400\" \/>\n\t<meta property=\"og:image:type\" content=\"image\/webp\" \/>\n<meta name=\"twitter:card\" content=\"summary_large_image\" \/>\n<meta name=\"twitter:label1\" content=\"Est. reading time\" \/>\n\t<meta name=\"twitter:data1\" content=\"1 minute\" \/>\n<script type=\"application\/ld+json\" class=\"yoast-schema-graph\">{\"@context\":\"https:\\\/\\\/schema.org\",\"@graph\":[{\"@type\":\"WebPage\",\"@id\":\"https:\\\/\\\/pulptogo.com\\\/producto\\\/pulpa-pina-hierbabuena-natural\\\/\",\"url\":\"https:\\\/\\\/pulptogo.com\\\/producto\\\/pulpa-pina-hierbabuena-natural\\\/\",\"name\":\"Pulpa de pi\u00f1a con hierbabuena | Natural y sin conservantes\",\"isPartOf\":{\"@id\":\"https:\\\/\\\/pulptogo.com\\\/#website\"},\"primaryImageOfPage\":{\"@id\":\"https:\\\/\\\/pulptogo.com\\\/producto\\\/pulpa-pina-hierbabuena-natural\\\/#primaryimage\"},\"image\":{\"@id\":\"https:\\\/\\\/pulptogo.com\\\/producto\\\/pulpa-pina-hierbabuena-natural\\\/#primaryimage\"},\"thumbnailUrl\":\"https:\\\/\\\/pulptogo.com\\\/wp-content\\\/uploads\\\/2025\\\/07\\\/PRODUCTO-1.webp\",\"datePublished\":\"2025-07-24T21:13:54+00:00\",\"dateModified\":\"2025-08-29T02:23:57+00:00\",\"description\":\"Refresca y cuida tu salud con pulpa de pi\u00f1a con hierbabuena natural. Sin conservantes, ideal para jugos y smoothies. \u00a1Pru\u00e9bala hoy!\",\"breadcrumb\":{\"@id\":\"https:\\\/\\\/pulptogo.com\\\/producto\\\/pulpa-pina-hierbabuena-natural\\\/#breadcrumb\"},\"inLanguage\":\"en-US\",\"potentialAction\":[{\"@type\":\"ReadAction\",\"target\":[\"https:\\\/\\\/pulptogo.com\\\/producto\\\/pulpa-pina-hierbabuena-natural\\\/\"]}]},{\"@type\":\"ImageObject\",\"inLanguage\":\"en-US\",\"@id\":\"https:\\\/\\\/pulptogo.com\\\/producto\\\/pulpa-pina-hierbabuena-natural\\\/#primaryimage\",\"url\":\"https:\\\/\\\/pulptogo.com\\\/wp-content\\\/uploads\\\/2025\\\/07\\\/PRODUCTO-1.webp\",\"contentUrl\":\"https:\\\/\\\/pulptogo.com\\\/wp-content\\\/uploads\\\/2025\\\/07\\\/PRODUCTO-1.webp\",\"width\":400,\"height\":400},{\"@type\":\"BreadcrumbList\",\"@id\":\"https:\\\/\\\/pulptogo.com\\\/producto\\\/pulpa-pina-hierbabuena-natural\\\/#breadcrumb\",\"itemListElement\":[{\"@type\":\"ListItem\",\"position\":1,\"name\":\"Portada\",\"item\":\"https:\\\/\\\/pulptogo.com\\\/\"},{\"@type\":\"ListItem\",\"position\":2,\"name\":\"Productos\",\"item\":\"https:\\\/\\\/pulptogo.com\\\/reembolso_devoluciones\\\/\"},{\"@type\":\"ListItem\",\"position\":3,\"name\":\"PULPA PI\u00d1A HIERBABUENA\"}]},{\"@type\":\"WebSite\",\"@id\":\"https:\\\/\\\/pulptogo.com\\\/#website\",\"url\":\"https:\\\/\\\/pulptogo.com\\\/\",\"name\":\"PulpToGo\",\"description\":\"Pulpas de Frutas congeladas 100% Naturales\",\"publisher\":{\"@id\":\"https:\\\/\\\/pulptogo.com\\\/#organization\"},\"alternateName\":\"Pulptogo\",\"potentialAction\":[{\"@type\":\"SearchAction\",\"target\":{\"@type\":\"EntryPoint\",\"urlTemplate\":\"https:\\\/\\\/pulptogo.com\\\/?s={search_term_string}\"},\"query-input\":{\"@type\":\"PropertyValueSpecification\",\"valueRequired\":true,\"valueName\":\"search_term_string\"}}],\"inLanguage\":\"en-US\"},{\"@type\":\"Organization\",\"@id\":\"https:\\\/\\\/pulptogo.com\\\/#organization\",\"name\":\"OpitasJuice\",\"alternateName\":\"OpitasJuice\",\"url\":\"https:\\\/\\\/pulptogo.com\\\/\",\"logo\":{\"@type\":\"ImageObject\",\"inLanguage\":\"en-US\",\"@id\":\"https:\\\/\\\/pulptogo.com\\\/#\\\/schema\\\/logo\\\/image\\\/\",\"url\":\"https:\\\/\\\/pulptogo.com\\\/wp-content\\\/uploads\\\/2025\\\/07\\\/Logo-Pulptogo-sombra-1.webp\",\"contentUrl\":\"https:\\\/\\\/pulptogo.com\\\/wp-content\\\/uploads\\\/2025\\\/07\\\/Logo-Pulptogo-sombra-1.webp\",\"width\":500,\"height\":500,\"caption\":\"OpitasJuice\"},\"image\":{\"@id\":\"https:\\\/\\\/pulptogo.com\\\/#\\\/schema\\\/logo\\\/image\\\/\"},\"sameAs\":[\"https:\\\/\\\/www.facebook.com\\\/profile.php?id=61569678068479\"]}]}<\/script>\n<!-- \/ Yoast SEO plugin. -->","yoast_head_json":{"title":"Pulpa de pi\u00f1a con hierbabuena | Natural y sin conservantes","description":"Refresca y cuida tu salud con pulpa de pi\u00f1a con hierbabuena natural. Sin conservantes, ideal para jugos y smoothies. \u00a1Pru\u00e9bala hoy!","robots":{"index":"index","follow":"follow","max-snippet":"max-snippet:-1","max-image-preview":"max-image-preview:large","max-video-preview":"max-video-preview:-1"},"canonical":"https:\/\/pulptogo.com\/en\/product\/pulpa-pina-hierbabuena-natural\/","og_locale":"en_US","og_type":"article","og_title":"\ud83c\udf3f Pulpa Natural de Pi\u00f1a con Hierbabuena | Refrescante y Saludable","og_description":"\u00bfPoco tiempo y quieres cuidarte? Esta pulpa de pi\u00f1a con hierbabuena es para ti. Natural, sin conservantes, deliciosa y lista para usar \ud83c\udf4d\ud83c\udf31 \u00a1Ideal para toda la familia!","og_url":"https:\/\/pulptogo.com\/en\/product\/pulpa-pina-hierbabuena-natural\/","og_site_name":"PulpToGo","article_publisher":"https:\/\/www.facebook.com\/profile.php?id=61569678068479","article_modified_time":"2025-08-29T02:23:57+00:00","og_image":[{"width":400,"height":400,"url":"https:\/\/pulptogo.com\/wp-content\/uploads\/2025\/07\/PRODUCTO-1.webp","type":"image\/webp"}],"twitter_card":"summary_large_image","twitter_misc":{"Est. reading time":"1 minute"},"schema":{"@context":"https:\/\/schema.org","@graph":[{"@type":"WebPage","@id":"https:\/\/pulptogo.com\/producto\/pulpa-pina-hierbabuena-natural\/","url":"https:\/\/pulptogo.com\/producto\/pulpa-pina-hierbabuena-natural\/","name":"Pulpa de pi\u00f1a con hierbabuena | Natural y sin conservantes","isPartOf":{"@id":"https:\/\/pulptogo.com\/#website"},"primaryImageOfPage":{"@id":"https:\/\/pulptogo.com\/producto\/pulpa-pina-hierbabuena-natural\/#primaryimage"},"image":{"@id":"https:\/\/pulptogo.com\/producto\/pulpa-pina-hierbabuena-natural\/#primaryimage"},"thumbnailUrl":"https:\/\/pulptogo.com\/wp-content\/uploads\/2025\/07\/PRODUCTO-1.webp","datePublished":"2025-07-24T21:13:54+00:00","dateModified":"2025-08-29T02:23:57+00:00","description":"Refresca y cuida tu salud con pulpa de pi\u00f1a con hierbabuena natural. Sin conservantes, ideal para jugos y smoothies. \u00a1Pru\u00e9bala hoy!","breadcrumb":{"@id":"https:\/\/pulptogo.com\/producto\/pulpa-pina-hierbabuena-natural\/#breadcrumb"},"inLanguage":"en-US","potentialAction":[{"@type":"ReadAction","target":["https:\/\/pulptogo.com\/producto\/pulpa-pina-hierbabuena-natural\/"]}]},{"@type":"ImageObject","inLanguage":"en-US","@id":"https:\/\/pulptogo.com\/producto\/pulpa-pina-hierbabuena-natural\/#primaryimage","url":"https:\/\/pulptogo.com\/wp-content\/uploads\/2025\/07\/PRODUCTO-1.webp","contentUrl":"https:\/\/pulptogo.com\/wp-content\/uploads\/2025\/07\/PRODUCTO-1.webp","width":400,"height":400},{"@type":"BreadcrumbList","@id":"https:\/\/pulptogo.com\/producto\/pulpa-pina-hierbabuena-natural\/#breadcrumb","itemListElement":[{"@type":"ListItem","position":1,"name":"Portada","item":"https:\/\/pulptogo.com\/"},{"@type":"ListItem","position":2,"name":"Productos","item":"https:\/\/pulptogo.com\/reembolso_devoluciones\/"},{"@type":"ListItem","position":3,"name":"PULPA PI\u00d1A HIERBABUENA"}]},{"@type":"WebSite","@id":"https:\/\/pulptogo.com\/#website","url":"https:\/\/pulptogo.com\/","name":"PulpToGo","description":"Pulpas de Frutas congeladas 100% Naturales","publisher":{"@id":"https:\/\/pulptogo.com\/#organization"},"alternateName":"Pulptogo","potentialAction":[{"@type":"SearchAction","target":{"@type":"EntryPoint","urlTemplate":"https:\/\/pulptogo.com\/?s={search_term_string}"},"query-input":{"@type":"PropertyValueSpecification","valueRequired":true,"valueName":"search_term_string"}}],"inLanguage":"en-US"},{"@type":"Organization","@id":"https:\/\/pulptogo.com\/#organization","name":"OpitasJuice","alternateName":"OpitasJuice","url":"https:\/\/pulptogo.com\/","logo":{"@type":"ImageObject","inLanguage":"en-US","@id":"https:\/\/pulptogo.com\/#\/schema\/logo\/image\/","url":"https:\/\/pulptogo.com\/wp-content\/uploads\/2025\/07\/Logo-Pulptogo-sombra-1.webp","contentUrl":"https:\/\/pulptogo.com\/wp-content\/uploads\/2025\/07\/Logo-Pulptogo-sombra-1.webp","width":500,"height":500,"caption":"OpitasJuice"},"image":{"@id":"https:\/\/pulptogo.com\/#\/schema\/logo\/image\/"},"sameAs":["https:\/\/www.facebook.com\/profile.php?id=61569678068479"]}]}},"_links":{"self":[{"href":"https:\/\/pulptogo.com\/en\/wp-json\/wp\/v2\/product\/164","targetHints":{"allow":["GET"]}}],"collection":[{"href":"https:\/\/pulptogo.com\/en\/wp-json\/wp\/v2\/product"}],"about":[{"href":"https:\/\/pulptogo.com\/en\/wp-json\/wp\/v2\/types\/product"}],"replies":[{"embeddable":true,"href":"https:\/\/pulptogo.com\/en\/wp-json\/wp\/v2\/comments?post=164"}],"wp:featuredmedia":[{"embeddable":true,"href":"https:\/\/pulptogo.com\/en\/wp-json\/wp\/v2\/media\/166"}],"wp:attachment":[{"href":"https:\/\/pulptogo.com\/en\/wp-json\/wp\/v2\/media?parent=164"}],"wp:term":[{"taxonomy":"product_brand","embeddable":true,"href":"https:\/\/pulptogo.com\/en\/wp-json\/wp\/v2\/product_brand?post=164"},{"taxonomy":"product_cat","embeddable":true,"href":"https:\/\/pulptogo.com\/en\/wp-json\/wp\/v2\/product_cat?post=164"},{"taxonomy":"product_tag","embeddable":true,"href":"https:\/\/pulptogo.com\/en\/wp-json\/wp\/v2\/product_tag?post=164"}],"curies":[{"name":"wp","href":"https:\/\/api.w.org\/{rel}","templated":true}]}}