 {"id":554,"date":"2025-08-11T02:35:36","date_gmt":"2025-08-11T02:35:36","guid":{"rendered":"https:\/\/pulptogo.com\/?post_type=product&#038;p=554"},"modified":"2025-10-23T20:31:34","modified_gmt":"2025-10-23T20:31:34","slug":"pulpa-tomate-de-arbol","status":"publish","type":"product","link":"https:\/\/pulptogo.com\/en\/product\/pulpa-tomate-de-arbol\/","title":{"rendered":"TREE TOMATO PULP"},"content":{"rendered":"<h2 data-start=\"642\" data-end=\"675\"><strong data-start=\"648\" data-end=\"675\">INFORMACI\u00d3N NUTRICIONAL<\/strong><\/h2>\n<p data-start=\"677\" data-end=\"938\">El <strong data-start=\"680\" data-end=\"699\">Tomate de \u00c1rbol<\/strong> (tamarillo) es una fruta ex\u00f3tica rica en antioxidantes, vitaminas A, C, B6 y E, adem\u00e1s de minerales esenciales como calcio, hierro, f\u00f3sforo y magnesio. Su consumo regular favorece la salud cardiovascular, ocular, inmunol\u00f3gica y digestiva.<\/p>\n<h3 data-start=\"945\" data-end=\"980\"><\/h3>\n<h3 data-start=\"945\" data-end=\"980\"><strong data-start=\"952\" data-end=\"980\">Beneficios del Producto:<\/strong><\/h3>\n<ul data-start=\"981\" data-end=\"1470\">\n<li data-start=\"981\" data-end=\"1042\">\n<p data-start=\"983\" data-end=\"1042\"><strong data-start=\"983\" data-end=\"999\">Antioxidante<\/strong>: protege las c\u00e9lulas del da\u00f1o oxidativo.<\/p>\n<\/li>\n<li data-start=\"1043\" data-end=\"1123\">\n<p data-start=\"1045\" data-end=\"1123\"><strong data-start=\"1045\" data-end=\"1069\">Salud cardiovascular<\/strong>: regula la presi\u00f3n arterial y reduce el colesterol.<\/p>\n<\/li>\n<li data-start=\"1124\" data-end=\"1190\">\n<p data-start=\"1126\" data-end=\"1190\"><strong data-start=\"1126\" data-end=\"1163\">Fortalece el sistema inmunol\u00f3gico<\/strong> gracias a la vitamina C.<\/p>\n<\/li>\n<li data-start=\"1191\" data-end=\"1247\">\n<p data-start=\"1193\" data-end=\"1247\"><strong data-start=\"1193\" data-end=\"1213\">Mejora la visi\u00f3n<\/strong> por su contenido de vitamina A.<\/p>\n<\/li>\n<li data-start=\"1248\" data-end=\"1324\">\n<p data-start=\"1250\" data-end=\"1324\"><strong data-start=\"1250\" data-end=\"1281\">Favorece la p\u00e9rdida de peso<\/strong> al ser bajo en calor\u00edas y alto en fibra.<\/p>\n<\/li>\n<li data-start=\"1325\" data-end=\"1397\">\n<p data-start=\"1327\" data-end=\"1397\"><strong data-start=\"1327\" data-end=\"1344\">Cuida la piel<\/strong> manteni\u00e9ndola hidratada y estimulando el col\u00e1geno.<\/p>\n<\/li>\n<li data-start=\"1398\" data-end=\"1470\">\n<p data-start=\"1400\" data-end=\"1470\"><strong data-start=\"1400\" data-end=\"1430\">Regula el az\u00facar en sangre<\/strong> gracias a la pectina y fibra soluble.<\/p>\n<\/li>\n<\/ul>\n<h3 data-start=\"1477\" data-end=\"1517\"><\/h3>\n<h3 data-start=\"1477\" data-end=\"1517\"><strong data-start=\"1483\" data-end=\"1517\">Recomendaciones y Modo de Uso:<\/strong><\/h3>\n<ul data-start=\"1518\" data-end=\"1718\">\n<li data-start=\"1518\" data-end=\"1562\">\n<p data-start=\"1520\" data-end=\"1562\">Ideal para jugos y batidos refrescantes.<\/p>\n<\/li>\n<li data-start=\"1563\" data-end=\"1609\">\n<p data-start=\"1565\" data-end=\"1609\">Perfecta para mermeladas y salsas gourmet.<\/p>\n<\/li>\n<li data-start=\"1610\" data-end=\"1672\">\n<p data-start=\"1612\" data-end=\"1672\">\u00dasala en postres, helados o como acompa\u00f1ante de ensaladas.<\/p>\n<\/li>\n<li data-start=\"1673\" data-end=\"1718\">\n<p data-start=\"1675\" data-end=\"1718\">Lista para usar: solo descongela y sirve.<\/p>\n<\/li>\n<\/ul>","protected":false},"excerpt":{"rendered":"<p>Fresca, agridulce y llena de nutrientes. Nuestra pulpa de tomate de \u00e1rbol conserva todo el sabor y los beneficios de esta fruta andina, rica en antioxidantes, vitaminas y minerales. Ideal para jugos, batidos y recetas saludables. 100% natural, sin aditivos.<\/p>","protected":false},"featured_media":396,"comment_status":"open","ping_status":"closed","template":"","meta":[],"product_brand":[],"product_cat":[25],"product_tag":[],"class_list":{"0":"post-554","1":"product","2":"type-product","3":"status-publish","4":"has-post-thumbnail","6":"product_cat-locales","8":"first","9":"instock","10":"shipping-taxable","11":"purchasable","12":"product-type-simple"},"yoast_head":"<!-- This site is optimized with the Yoast SEO plugin v27.3 - https:\/\/yoast.com\/product\/yoast-seo-wordpress\/ -->\n<title>Pulpa de tomate de \u00e1rbol | Nutritiva y natural<\/title>\n<meta name=\"description\" content=\"Pulpa de tomate de \u00e1rbol natural, rica en antioxidantes, vitaminas y minerales. Ideal para jugos, batidos y salsas. 100% natural.\" \/>\n<meta name=\"robots\" content=\"index, follow, max-snippet:-1, max-image-preview:large, max-video-preview:-1\" \/>\n<link rel=\"canonical\" href=\"https:\/\/pulptogo.com\/en\/product\/pulpa-tomate-de-arbol\/\" \/>\n<meta property=\"og:locale\" content=\"en_US\" \/>\n<meta property=\"og:type\" content=\"article\" \/>\n<meta property=\"og:title\" content=\"\ud83c\udf45 Pulpa de Tomate de \u00c1rbol | Saludable y deliciosa\" \/>\n<meta property=\"og:description\" content=\"Disfruta la pulpa de tomate de \u00e1rbol 100% natural, llena de antioxidantes, vitaminas y minerales. Perfecta para jugos, batidos y recetas saludables \ud83c\udf79\u2728\" \/>\n<meta property=\"og:url\" content=\"https:\/\/pulptogo.com\/en\/product\/pulpa-tomate-de-arbol\/\" \/>\n<meta property=\"og:site_name\" content=\"PulpToGo\" \/>\n<meta property=\"article:publisher\" content=\"https:\/\/www.facebook.com\/profile.php?id=61569678068479\" \/>\n<meta property=\"article:modified_time\" content=\"2025-10-23T20:31:34+00:00\" \/>\n<meta property=\"og:image\" content=\"https:\/\/pulptogo.com\/wp-content\/uploads\/2025\/07\/PRODUCTO-8.webp\" \/>\n\t<meta property=\"og:image:width\" content=\"400\" \/>\n\t<meta property=\"og:image:height\" content=\"400\" \/>\n\t<meta property=\"og:image:type\" content=\"image\/webp\" \/>\n<meta name=\"twitter:card\" content=\"summary_large_image\" \/>\n<meta name=\"twitter:label1\" content=\"Est. reading time\" \/>\n\t<meta name=\"twitter:data1\" content=\"1 minute\" \/>\n<script type=\"application\/ld+json\" class=\"yoast-schema-graph\">{\"@context\":\"https:\\\/\\\/schema.org\",\"@graph\":[{\"@type\":\"WebPage\",\"@id\":\"https:\\\/\\\/pulptogo.com\\\/producto\\\/pulpa-tomate-de-arbol\\\/\",\"url\":\"https:\\\/\\\/pulptogo.com\\\/producto\\\/pulpa-tomate-de-arbol\\\/\",\"name\":\"Pulpa de tomate de \u00e1rbol | Nutritiva y natural\",\"isPartOf\":{\"@id\":\"https:\\\/\\\/pulptogo.com\\\/#website\"},\"primaryImageOfPage\":{\"@id\":\"https:\\\/\\\/pulptogo.com\\\/producto\\\/pulpa-tomate-de-arbol\\\/#primaryimage\"},\"image\":{\"@id\":\"https:\\\/\\\/pulptogo.com\\\/producto\\\/pulpa-tomate-de-arbol\\\/#primaryimage\"},\"thumbnailUrl\":\"https:\\\/\\\/pulptogo.com\\\/wp-content\\\/uploads\\\/2025\\\/07\\\/PRODUCTO-8.webp\",\"datePublished\":\"2025-08-11T02:35:36+00:00\",\"dateModified\":\"2025-10-23T20:31:34+00:00\",\"description\":\"Pulpa de tomate de \u00e1rbol natural, rica en antioxidantes, vitaminas y minerales. Ideal para jugos, batidos y salsas. 100% natural.\",\"breadcrumb\":{\"@id\":\"https:\\\/\\\/pulptogo.com\\\/producto\\\/pulpa-tomate-de-arbol\\\/#breadcrumb\"},\"inLanguage\":\"en-US\",\"potentialAction\":[{\"@type\":\"ReadAction\",\"target\":[\"https:\\\/\\\/pulptogo.com\\\/producto\\\/pulpa-tomate-de-arbol\\\/\"]}]},{\"@type\":\"ImageObject\",\"inLanguage\":\"en-US\",\"@id\":\"https:\\\/\\\/pulptogo.com\\\/producto\\\/pulpa-tomate-de-arbol\\\/#primaryimage\",\"url\":\"https:\\\/\\\/pulptogo.com\\\/wp-content\\\/uploads\\\/2025\\\/07\\\/PRODUCTO-8.webp\",\"contentUrl\":\"https:\\\/\\\/pulptogo.com\\\/wp-content\\\/uploads\\\/2025\\\/07\\\/PRODUCTO-8.webp\",\"width\":400,\"height\":400},{\"@type\":\"BreadcrumbList\",\"@id\":\"https:\\\/\\\/pulptogo.com\\\/producto\\\/pulpa-tomate-de-arbol\\\/#breadcrumb\",\"itemListElement\":[{\"@type\":\"ListItem\",\"position\":1,\"name\":\"Portada\",\"item\":\"https:\\\/\\\/pulptogo.com\\\/\"},{\"@type\":\"ListItem\",\"position\":2,\"name\":\"Productos\",\"item\":\"https:\\\/\\\/pulptogo.com\\\/reembolso_devoluciones\\\/\"},{\"@type\":\"ListItem\",\"position\":3,\"name\":\"PULPA TOMATE DE ARBOL\"}]},{\"@type\":\"WebSite\",\"@id\":\"https:\\\/\\\/pulptogo.com\\\/#website\",\"url\":\"https:\\\/\\\/pulptogo.com\\\/\",\"name\":\"PulpToGo\",\"description\":\"Pulpas de Frutas congeladas 100% Naturales\",\"publisher\":{\"@id\":\"https:\\\/\\\/pulptogo.com\\\/#organization\"},\"alternateName\":\"Pulptogo\",\"potentialAction\":[{\"@type\":\"SearchAction\",\"target\":{\"@type\":\"EntryPoint\",\"urlTemplate\":\"https:\\\/\\\/pulptogo.com\\\/?s={search_term_string}\"},\"query-input\":{\"@type\":\"PropertyValueSpecification\",\"valueRequired\":true,\"valueName\":\"search_term_string\"}}],\"inLanguage\":\"en-US\"},{\"@type\":\"Organization\",\"@id\":\"https:\\\/\\\/pulptogo.com\\\/#organization\",\"name\":\"OpitasJuice\",\"alternateName\":\"OpitasJuice\",\"url\":\"https:\\\/\\\/pulptogo.com\\\/\",\"logo\":{\"@type\":\"ImageObject\",\"inLanguage\":\"en-US\",\"@id\":\"https:\\\/\\\/pulptogo.com\\\/#\\\/schema\\\/logo\\\/image\\\/\",\"url\":\"https:\\\/\\\/pulptogo.com\\\/wp-content\\\/uploads\\\/2025\\\/07\\\/Logo-Pulptogo-sombra-1.webp\",\"contentUrl\":\"https:\\\/\\\/pulptogo.com\\\/wp-content\\\/uploads\\\/2025\\\/07\\\/Logo-Pulptogo-sombra-1.webp\",\"width\":500,\"height\":500,\"caption\":\"OpitasJuice\"},\"image\":{\"@id\":\"https:\\\/\\\/pulptogo.com\\\/#\\\/schema\\\/logo\\\/image\\\/\"},\"sameAs\":[\"https:\\\/\\\/www.facebook.com\\\/profile.php?id=61569678068479\"]}]}<\/script>\n<!-- \/ Yoast SEO plugin. -->","yoast_head_json":{"title":"Pulpa de tomate de \u00e1rbol | Nutritiva y natural","description":"Pulpa de tomate de \u00e1rbol natural, rica en antioxidantes, vitaminas y minerales. Ideal para jugos, batidos y salsas. 100% natural.","robots":{"index":"index","follow":"follow","max-snippet":"max-snippet:-1","max-image-preview":"max-image-preview:large","max-video-preview":"max-video-preview:-1"},"canonical":"https:\/\/pulptogo.com\/en\/product\/pulpa-tomate-de-arbol\/","og_locale":"en_US","og_type":"article","og_title":"\ud83c\udf45 Pulpa de Tomate de \u00c1rbol | Saludable y deliciosa","og_description":"Disfruta la pulpa de tomate de \u00e1rbol 100% natural, llena de antioxidantes, vitaminas y minerales. Perfecta para jugos, batidos y recetas saludables \ud83c\udf79\u2728","og_url":"https:\/\/pulptogo.com\/en\/product\/pulpa-tomate-de-arbol\/","og_site_name":"PulpToGo","article_publisher":"https:\/\/www.facebook.com\/profile.php?id=61569678068479","article_modified_time":"2025-10-23T20:31:34+00:00","og_image":[{"width":400,"height":400,"url":"https:\/\/pulptogo.com\/wp-content\/uploads\/2025\/07\/PRODUCTO-8.webp","type":"image\/webp"}],"twitter_card":"summary_large_image","twitter_misc":{"Est. reading time":"1 minute"},"schema":{"@context":"https:\/\/schema.org","@graph":[{"@type":"WebPage","@id":"https:\/\/pulptogo.com\/producto\/pulpa-tomate-de-arbol\/","url":"https:\/\/pulptogo.com\/producto\/pulpa-tomate-de-arbol\/","name":"Pulpa de tomate de \u00e1rbol | Nutritiva y natural","isPartOf":{"@id":"https:\/\/pulptogo.com\/#website"},"primaryImageOfPage":{"@id":"https:\/\/pulptogo.com\/producto\/pulpa-tomate-de-arbol\/#primaryimage"},"image":{"@id":"https:\/\/pulptogo.com\/producto\/pulpa-tomate-de-arbol\/#primaryimage"},"thumbnailUrl":"https:\/\/pulptogo.com\/wp-content\/uploads\/2025\/07\/PRODUCTO-8.webp","datePublished":"2025-08-11T02:35:36+00:00","dateModified":"2025-10-23T20:31:34+00:00","description":"Pulpa de tomate de \u00e1rbol natural, rica en antioxidantes, vitaminas y minerales. Ideal para jugos, batidos y salsas. 100% natural.","breadcrumb":{"@id":"https:\/\/pulptogo.com\/producto\/pulpa-tomate-de-arbol\/#breadcrumb"},"inLanguage":"en-US","potentialAction":[{"@type":"ReadAction","target":["https:\/\/pulptogo.com\/producto\/pulpa-tomate-de-arbol\/"]}]},{"@type":"ImageObject","inLanguage":"en-US","@id":"https:\/\/pulptogo.com\/producto\/pulpa-tomate-de-arbol\/#primaryimage","url":"https:\/\/pulptogo.com\/wp-content\/uploads\/2025\/07\/PRODUCTO-8.webp","contentUrl":"https:\/\/pulptogo.com\/wp-content\/uploads\/2025\/07\/PRODUCTO-8.webp","width":400,"height":400},{"@type":"BreadcrumbList","@id":"https:\/\/pulptogo.com\/producto\/pulpa-tomate-de-arbol\/#breadcrumb","itemListElement":[{"@type":"ListItem","position":1,"name":"Portada","item":"https:\/\/pulptogo.com\/"},{"@type":"ListItem","position":2,"name":"Productos","item":"https:\/\/pulptogo.com\/reembolso_devoluciones\/"},{"@type":"ListItem","position":3,"name":"PULPA TOMATE DE ARBOL"}]},{"@type":"WebSite","@id":"https:\/\/pulptogo.com\/#website","url":"https:\/\/pulptogo.com\/","name":"PulpToGo","description":"Pulpas de Frutas congeladas 100% Naturales","publisher":{"@id":"https:\/\/pulptogo.com\/#organization"},"alternateName":"Pulptogo","potentialAction":[{"@type":"SearchAction","target":{"@type":"EntryPoint","urlTemplate":"https:\/\/pulptogo.com\/?s={search_term_string}"},"query-input":{"@type":"PropertyValueSpecification","valueRequired":true,"valueName":"search_term_string"}}],"inLanguage":"en-US"},{"@type":"Organization","@id":"https:\/\/pulptogo.com\/#organization","name":"OpitasJuice","alternateName":"OpitasJuice","url":"https:\/\/pulptogo.com\/","logo":{"@type":"ImageObject","inLanguage":"en-US","@id":"https:\/\/pulptogo.com\/#\/schema\/logo\/image\/","url":"https:\/\/pulptogo.com\/wp-content\/uploads\/2025\/07\/Logo-Pulptogo-sombra-1.webp","contentUrl":"https:\/\/pulptogo.com\/wp-content\/uploads\/2025\/07\/Logo-Pulptogo-sombra-1.webp","width":500,"height":500,"caption":"OpitasJuice"},"image":{"@id":"https:\/\/pulptogo.com\/#\/schema\/logo\/image\/"},"sameAs":["https:\/\/www.facebook.com\/profile.php?id=61569678068479"]}]}},"_links":{"self":[{"href":"https:\/\/pulptogo.com\/en\/wp-json\/wp\/v2\/product\/554","targetHints":{"allow":["GET"]}}],"collection":[{"href":"https:\/\/pulptogo.com\/en\/wp-json\/wp\/v2\/product"}],"about":[{"href":"https:\/\/pulptogo.com\/en\/wp-json\/wp\/v2\/types\/product"}],"replies":[{"embeddable":true,"href":"https:\/\/pulptogo.com\/en\/wp-json\/wp\/v2\/comments?post=554"}],"wp:featuredmedia":[{"embeddable":true,"href":"https:\/\/pulptogo.com\/en\/wp-json\/wp\/v2\/media\/396"}],"wp:attachment":[{"href":"https:\/\/pulptogo.com\/en\/wp-json\/wp\/v2\/media?parent=554"}],"wp:term":[{"taxonomy":"product_brand","embeddable":true,"href":"https:\/\/pulptogo.com\/en\/wp-json\/wp\/v2\/product_brand?post=554"},{"taxonomy":"product_cat","embeddable":true,"href":"https:\/\/pulptogo.com\/en\/wp-json\/wp\/v2\/product_cat?post=554"},{"taxonomy":"product_tag","embeddable":true,"href":"https:\/\/pulptogo.com\/en\/wp-json\/wp\/v2\/product_tag?post=554"}],"curies":[{"name":"wp","href":"https:\/\/api.w.org\/{rel}","templated":true}]}}