 {"id":556,"date":"2025-08-11T03:00:47","date_gmt":"2025-08-11T03:00:47","guid":{"rendered":"https:\/\/pulptogo.com\/?post_type=product&#038;p=556"},"modified":"2025-10-23T20:29:45","modified_gmt":"2025-10-23T20:29:45","slug":"pulpa-de-feijoa","status":"publish","type":"product","link":"https:\/\/pulptogo.com\/en\/product\/pulpa-de-feijoa\/","title":{"rendered":"FEIJOA PULP"},"content":{"rendered":"<h2 data-start=\"626\" data-end=\"659\"><strong data-start=\"632\" data-end=\"659\">INFORMACI\u00d3N NUTRICIONAL<\/strong><\/h2>\n<p data-start=\"661\" data-end=\"931\">La <strong data-start=\"664\" data-end=\"674\">feijoa<\/strong> es una fruta tropical con un perfil nutricional \u00fanico: contiene vitamina C, yodo, potasio, fibra y antioxidantes que fortalecen el sistema inmunol\u00f3gico, mejoran la salud digestiva, apoyan la funci\u00f3n tiroidea y ayudan a combatir el envejecimiento prematuro.<\/p>\n<h3 data-start=\"938\" data-end=\"973\"><strong data-start=\"945\" data-end=\"973\">Beneficios del Producto:<\/strong><\/h3>\n<ul data-start=\"974\" data-end=\"1567\">\n<li data-start=\"974\" data-end=\"1058\">\n<p data-start=\"976\" data-end=\"1058\"><strong data-start=\"976\" data-end=\"1013\">Fortalece el sistema inmunol\u00f3gico<\/strong> gracias a su alto contenido de vitamina C.<\/p>\n<\/li>\n<li data-start=\"1059\" data-end=\"1133\">\n<p data-start=\"1061\" data-end=\"1133\"><strong data-start=\"1061\" data-end=\"1088\">Mejora la funci\u00f3n renal<\/strong> y regula l\u00edquidos por su efecto diur\u00e9tico.<\/p>\n<\/li>\n<li data-start=\"1134\" data-end=\"1205\">\n<p data-start=\"1136\" data-end=\"1205\"><strong data-start=\"1136\" data-end=\"1166\">Favorece la salud tiroidea<\/strong> gracias a su aporte de yodo natural.<\/p>\n<\/li>\n<li data-start=\"1206\" data-end=\"1259\">\n<p data-start=\"1208\" data-end=\"1259\"><strong data-start=\"1208\" data-end=\"1237\">Regula el ciclo del sue\u00f1o<\/strong> y reduce el estr\u00e9s.<\/p>\n<\/li>\n<li data-start=\"1260\" data-end=\"1346\">\n<p data-start=\"1262\" data-end=\"1346\"><strong data-start=\"1262\" data-end=\"1304\">Controla colesterol y presi\u00f3n arterial<\/strong> beneficiando el sistema cardiovascular.<\/p>\n<\/li>\n<li data-start=\"1347\" data-end=\"1420\">\n<p data-start=\"1349\" data-end=\"1420\"><strong data-start=\"1349\" data-end=\"1378\">Propiedades antioxidantes<\/strong> que retrasan el envejecimiento celular.<\/p>\n<\/li>\n<li data-start=\"1421\" data-end=\"1495\">\n<p data-start=\"1423\" data-end=\"1495\"><strong data-start=\"1423\" data-end=\"1445\">Apoya la digesti\u00f3n<\/strong> y previene el estre\u00f1imiento gracias a su fibra.<\/p>\n<\/li>\n<li data-start=\"1496\" data-end=\"1567\">\n<p data-start=\"1498\" data-end=\"1567\"><strong data-start=\"1498\" data-end=\"1522\">Ideal en el embarazo<\/strong> por su contenido de nutrientes esenciales.<\/p>\n<\/li>\n<\/ul>\n<h3 data-start=\"1574\" data-end=\"1614\"><strong data-start=\"1580\" data-end=\"1614\">Recomendaciones y Modo de Uso:<\/strong><\/h3>\n<ul data-start=\"1615\" data-end=\"1814\">\n<li data-start=\"1615\" data-end=\"1668\">\n<p data-start=\"1617\" data-end=\"1668\">\u00dasala para preparar jugos y batidos energizantes.<\/p>\n<\/li>\n<li data-start=\"1669\" data-end=\"1716\">\n<p data-start=\"1671\" data-end=\"1716\">Perfecta para mermeladas, jaleas y postres.<\/p>\n<\/li>\n<li data-start=\"1717\" data-end=\"1773\">\n<p data-start=\"1719\" data-end=\"1773\">A\u00f1\u00e1dela a ensaladas de frutas para un toque ex\u00f3tico.<\/p>\n<\/li>\n<li data-start=\"1774\" data-end=\"1814\">\n<p data-start=\"1776\" data-end=\"1814\">Lista para usar: descongela y sirve.<\/p>\n<\/li>\n<\/ul>","protected":false},"excerpt":{"rendered":"<p>Ex\u00f3tica, refrescante y nutritiva. Nuestra pulpa de feijoa conserva todo el sabor y los beneficios de esta fruta \u00fanica, rica en vitamina C, fibra, yodo y antioxidantes. Ideal para jugos, batidos y postres saludables. 100% natural, sin aditivos.<\/p>","protected":false},"featured_media":399,"comment_status":"open","ping_status":"closed","template":"","meta":[],"product_brand":[],"product_cat":[25],"product_tag":[],"class_list":{"0":"post-556","1":"product","2":"type-product","3":"status-publish","4":"has-post-thumbnail","6":"product_cat-locales","8":"first","9":"instock","10":"shipping-taxable","11":"purchasable","12":"product-type-simple"},"yoast_head":"<!-- This site is optimized with the Yoast SEO plugin v27.3 - https:\/\/yoast.com\/product\/yoast-seo-wordpress\/ -->\n<title>Pulpa de feijoa | Ex\u00f3tica y nutritiva<\/title>\n<meta name=\"description\" content=\"Pulpa de feijoa 100% natural, rica en vitamina C, yodo, fibra y antioxidantes. Ideal para jugos, batidos y postres saludables.\" \/>\n<meta name=\"robots\" content=\"index, follow, max-snippet:-1, max-image-preview:large, max-video-preview:-1\" \/>\n<link rel=\"canonical\" href=\"https:\/\/pulptogo.com\/en\/product\/pulpa-de-feijoa\/\" \/>\n<meta property=\"og:locale\" content=\"en_US\" \/>\n<meta property=\"og:type\" content=\"article\" \/>\n<meta property=\"og:title\" content=\"\ud83e\udd5d Pulpa de Feijoa | Natural, ex\u00f3tica y llena de beneficios\" \/>\n<meta property=\"og:description\" content=\"Disfruta la pulpa de feijoa natural, rica en vitamina C, yodo y antioxidantes. Perfecta para jugos, batidos y postres nutritivos \ud83c\udf79\u2728\" \/>\n<meta property=\"og:url\" content=\"https:\/\/pulptogo.com\/en\/product\/pulpa-de-feijoa\/\" \/>\n<meta property=\"og:site_name\" content=\"PulpToGo\" \/>\n<meta property=\"article:publisher\" content=\"https:\/\/www.facebook.com\/profile.php?id=61569678068479\" \/>\n<meta property=\"article:modified_time\" content=\"2025-10-23T20:29:45+00:00\" \/>\n<meta property=\"og:image\" content=\"https:\/\/pulptogo.com\/wp-content\/uploads\/2025\/07\/PRODUCTO-11.webp\" \/>\n\t<meta property=\"og:image:width\" content=\"400\" \/>\n\t<meta property=\"og:image:height\" content=\"400\" \/>\n\t<meta property=\"og:image:type\" content=\"image\/webp\" \/>\n<meta name=\"twitter:card\" content=\"summary_large_image\" \/>\n<meta name=\"twitter:label1\" content=\"Est. reading time\" \/>\n\t<meta name=\"twitter:data1\" content=\"1 minute\" \/>\n<script type=\"application\/ld+json\" class=\"yoast-schema-graph\">{\"@context\":\"https:\\\/\\\/schema.org\",\"@graph\":[{\"@type\":\"WebPage\",\"@id\":\"https:\\\/\\\/pulptogo.com\\\/producto\\\/pulpa-de-feijoa\\\/\",\"url\":\"https:\\\/\\\/pulptogo.com\\\/producto\\\/pulpa-de-feijoa\\\/\",\"name\":\"Pulpa de feijoa | Ex\u00f3tica y nutritiva\",\"isPartOf\":{\"@id\":\"https:\\\/\\\/pulptogo.com\\\/#website\"},\"primaryImageOfPage\":{\"@id\":\"https:\\\/\\\/pulptogo.com\\\/producto\\\/pulpa-de-feijoa\\\/#primaryimage\"},\"image\":{\"@id\":\"https:\\\/\\\/pulptogo.com\\\/producto\\\/pulpa-de-feijoa\\\/#primaryimage\"},\"thumbnailUrl\":\"https:\\\/\\\/pulptogo.com\\\/wp-content\\\/uploads\\\/2025\\\/07\\\/PRODUCTO-11.webp\",\"datePublished\":\"2025-08-11T03:00:47+00:00\",\"dateModified\":\"2025-10-23T20:29:45+00:00\",\"description\":\"Pulpa de feijoa 100% natural, rica en vitamina C, yodo, fibra y antioxidantes. Ideal para jugos, batidos y postres saludables.\",\"breadcrumb\":{\"@id\":\"https:\\\/\\\/pulptogo.com\\\/producto\\\/pulpa-de-feijoa\\\/#breadcrumb\"},\"inLanguage\":\"en-US\",\"potentialAction\":[{\"@type\":\"ReadAction\",\"target\":[\"https:\\\/\\\/pulptogo.com\\\/producto\\\/pulpa-de-feijoa\\\/\"]}]},{\"@type\":\"ImageObject\",\"inLanguage\":\"en-US\",\"@id\":\"https:\\\/\\\/pulptogo.com\\\/producto\\\/pulpa-de-feijoa\\\/#primaryimage\",\"url\":\"https:\\\/\\\/pulptogo.com\\\/wp-content\\\/uploads\\\/2025\\\/07\\\/PRODUCTO-11.webp\",\"contentUrl\":\"https:\\\/\\\/pulptogo.com\\\/wp-content\\\/uploads\\\/2025\\\/07\\\/PRODUCTO-11.webp\",\"width\":400,\"height\":400},{\"@type\":\"BreadcrumbList\",\"@id\":\"https:\\\/\\\/pulptogo.com\\\/producto\\\/pulpa-de-feijoa\\\/#breadcrumb\",\"itemListElement\":[{\"@type\":\"ListItem\",\"position\":1,\"name\":\"Portada\",\"item\":\"https:\\\/\\\/pulptogo.com\\\/\"},{\"@type\":\"ListItem\",\"position\":2,\"name\":\"Productos\",\"item\":\"https:\\\/\\\/pulptogo.com\\\/reembolso_devoluciones\\\/\"},{\"@type\":\"ListItem\",\"position\":3,\"name\":\"PULPA DE FEIJOA\"}]},{\"@type\":\"WebSite\",\"@id\":\"https:\\\/\\\/pulptogo.com\\\/#website\",\"url\":\"https:\\\/\\\/pulptogo.com\\\/\",\"name\":\"PulpToGo\",\"description\":\"Pulpas de Frutas congeladas 100% Naturales\",\"publisher\":{\"@id\":\"https:\\\/\\\/pulptogo.com\\\/#organization\"},\"alternateName\":\"Pulptogo\",\"potentialAction\":[{\"@type\":\"SearchAction\",\"target\":{\"@type\":\"EntryPoint\",\"urlTemplate\":\"https:\\\/\\\/pulptogo.com\\\/?s={search_term_string}\"},\"query-input\":{\"@type\":\"PropertyValueSpecification\",\"valueRequired\":true,\"valueName\":\"search_term_string\"}}],\"inLanguage\":\"en-US\"},{\"@type\":\"Organization\",\"@id\":\"https:\\\/\\\/pulptogo.com\\\/#organization\",\"name\":\"OpitasJuice\",\"alternateName\":\"OpitasJuice\",\"url\":\"https:\\\/\\\/pulptogo.com\\\/\",\"logo\":{\"@type\":\"ImageObject\",\"inLanguage\":\"en-US\",\"@id\":\"https:\\\/\\\/pulptogo.com\\\/#\\\/schema\\\/logo\\\/image\\\/\",\"url\":\"https:\\\/\\\/pulptogo.com\\\/wp-content\\\/uploads\\\/2025\\\/07\\\/Logo-Pulptogo-sombra-1.webp\",\"contentUrl\":\"https:\\\/\\\/pulptogo.com\\\/wp-content\\\/uploads\\\/2025\\\/07\\\/Logo-Pulptogo-sombra-1.webp\",\"width\":500,\"height\":500,\"caption\":\"OpitasJuice\"},\"image\":{\"@id\":\"https:\\\/\\\/pulptogo.com\\\/#\\\/schema\\\/logo\\\/image\\\/\"},\"sameAs\":[\"https:\\\/\\\/www.facebook.com\\\/profile.php?id=61569678068479\"]}]}<\/script>\n<!-- \/ Yoast SEO plugin. -->","yoast_head_json":{"title":"Pulpa de feijoa | Ex\u00f3tica y nutritiva","description":"Pulpa de feijoa 100% natural, rica en vitamina C, yodo, fibra y antioxidantes. Ideal para jugos, batidos y postres saludables.","robots":{"index":"index","follow":"follow","max-snippet":"max-snippet:-1","max-image-preview":"max-image-preview:large","max-video-preview":"max-video-preview:-1"},"canonical":"https:\/\/pulptogo.com\/en\/product\/pulpa-de-feijoa\/","og_locale":"en_US","og_type":"article","og_title":"\ud83e\udd5d Pulpa de Feijoa | Natural, ex\u00f3tica y llena de beneficios","og_description":"Disfruta la pulpa de feijoa natural, rica en vitamina C, yodo y antioxidantes. Perfecta para jugos, batidos y postres nutritivos \ud83c\udf79\u2728","og_url":"https:\/\/pulptogo.com\/en\/product\/pulpa-de-feijoa\/","og_site_name":"PulpToGo","article_publisher":"https:\/\/www.facebook.com\/profile.php?id=61569678068479","article_modified_time":"2025-10-23T20:29:45+00:00","og_image":[{"width":400,"height":400,"url":"https:\/\/pulptogo.com\/wp-content\/uploads\/2025\/07\/PRODUCTO-11.webp","type":"image\/webp"}],"twitter_card":"summary_large_image","twitter_misc":{"Est. reading time":"1 minute"},"schema":{"@context":"https:\/\/schema.org","@graph":[{"@type":"WebPage","@id":"https:\/\/pulptogo.com\/producto\/pulpa-de-feijoa\/","url":"https:\/\/pulptogo.com\/producto\/pulpa-de-feijoa\/","name":"Pulpa de feijoa | Ex\u00f3tica y nutritiva","isPartOf":{"@id":"https:\/\/pulptogo.com\/#website"},"primaryImageOfPage":{"@id":"https:\/\/pulptogo.com\/producto\/pulpa-de-feijoa\/#primaryimage"},"image":{"@id":"https:\/\/pulptogo.com\/producto\/pulpa-de-feijoa\/#primaryimage"},"thumbnailUrl":"https:\/\/pulptogo.com\/wp-content\/uploads\/2025\/07\/PRODUCTO-11.webp","datePublished":"2025-08-11T03:00:47+00:00","dateModified":"2025-10-23T20:29:45+00:00","description":"Pulpa de feijoa 100% natural, rica en vitamina C, yodo, fibra y antioxidantes. Ideal para jugos, batidos y postres saludables.","breadcrumb":{"@id":"https:\/\/pulptogo.com\/producto\/pulpa-de-feijoa\/#breadcrumb"},"inLanguage":"en-US","potentialAction":[{"@type":"ReadAction","target":["https:\/\/pulptogo.com\/producto\/pulpa-de-feijoa\/"]}]},{"@type":"ImageObject","inLanguage":"en-US","@id":"https:\/\/pulptogo.com\/producto\/pulpa-de-feijoa\/#primaryimage","url":"https:\/\/pulptogo.com\/wp-content\/uploads\/2025\/07\/PRODUCTO-11.webp","contentUrl":"https:\/\/pulptogo.com\/wp-content\/uploads\/2025\/07\/PRODUCTO-11.webp","width":400,"height":400},{"@type":"BreadcrumbList","@id":"https:\/\/pulptogo.com\/producto\/pulpa-de-feijoa\/#breadcrumb","itemListElement":[{"@type":"ListItem","position":1,"name":"Portada","item":"https:\/\/pulptogo.com\/"},{"@type":"ListItem","position":2,"name":"Productos","item":"https:\/\/pulptogo.com\/reembolso_devoluciones\/"},{"@type":"ListItem","position":3,"name":"PULPA DE FEIJOA"}]},{"@type":"WebSite","@id":"https:\/\/pulptogo.com\/#website","url":"https:\/\/pulptogo.com\/","name":"PulpToGo","description":"Pulpas de Frutas congeladas 100% Naturales","publisher":{"@id":"https:\/\/pulptogo.com\/#organization"},"alternateName":"Pulptogo","potentialAction":[{"@type":"SearchAction","target":{"@type":"EntryPoint","urlTemplate":"https:\/\/pulptogo.com\/?s={search_term_string}"},"query-input":{"@type":"PropertyValueSpecification","valueRequired":true,"valueName":"search_term_string"}}],"inLanguage":"en-US"},{"@type":"Organization","@id":"https:\/\/pulptogo.com\/#organization","name":"OpitasJuice","alternateName":"OpitasJuice","url":"https:\/\/pulptogo.com\/","logo":{"@type":"ImageObject","inLanguage":"en-US","@id":"https:\/\/pulptogo.com\/#\/schema\/logo\/image\/","url":"https:\/\/pulptogo.com\/wp-content\/uploads\/2025\/07\/Logo-Pulptogo-sombra-1.webp","contentUrl":"https:\/\/pulptogo.com\/wp-content\/uploads\/2025\/07\/Logo-Pulptogo-sombra-1.webp","width":500,"height":500,"caption":"OpitasJuice"},"image":{"@id":"https:\/\/pulptogo.com\/#\/schema\/logo\/image\/"},"sameAs":["https:\/\/www.facebook.com\/profile.php?id=61569678068479"]}]}},"_links":{"self":[{"href":"https:\/\/pulptogo.com\/en\/wp-json\/wp\/v2\/product\/556","targetHints":{"allow":["GET"]}}],"collection":[{"href":"https:\/\/pulptogo.com\/en\/wp-json\/wp\/v2\/product"}],"about":[{"href":"https:\/\/pulptogo.com\/en\/wp-json\/wp\/v2\/types\/product"}],"replies":[{"embeddable":true,"href":"https:\/\/pulptogo.com\/en\/wp-json\/wp\/v2\/comments?post=556"}],"wp:featuredmedia":[{"embeddable":true,"href":"https:\/\/pulptogo.com\/en\/wp-json\/wp\/v2\/media\/399"}],"wp:attachment":[{"href":"https:\/\/pulptogo.com\/en\/wp-json\/wp\/v2\/media?parent=556"}],"wp:term":[{"taxonomy":"product_brand","embeddable":true,"href":"https:\/\/pulptogo.com\/en\/wp-json\/wp\/v2\/product_brand?post=556"},{"taxonomy":"product_cat","embeddable":true,"href":"https:\/\/pulptogo.com\/en\/wp-json\/wp\/v2\/product_cat?post=556"},{"taxonomy":"product_tag","embeddable":true,"href":"https:\/\/pulptogo.com\/en\/wp-json\/wp\/v2\/product_tag?post=556"}],"curies":[{"name":"wp","href":"https:\/\/api.w.org\/{rel}","templated":true}]}}