 {"id":557,"date":"2025-08-11T03:09:21","date_gmt":"2025-08-11T03:09:21","guid":{"rendered":"https:\/\/pulptogo.com\/?post_type=product&#038;p=557"},"modified":"2025-10-23T20:28:50","modified_gmt":"2025-10-23T20:28:50","slug":"pulpa-de-fresa","status":"publish","type":"product","link":"https:\/\/pulptogo.com\/en\/product\/pulpa-de-fresa\/","title":{"rendered":"STRAWBERRY PULP"},"content":{"rendered":"<h2 data-start=\"586\" data-end=\"619\"><strong data-start=\"592\" data-end=\"619\">INFORMACI\u00d3N NUTRICIONAL<\/strong><\/h2>\n<p data-start=\"621\" data-end=\"863\">La <strong data-start=\"624\" data-end=\"633\">fresa<\/strong> es una fruta baja en calor\u00edas y rica en vitamina C, antioxidantes como las antocianinas, fibra y potasio, lo que la convierte en un alimento ideal para fortalecer el sistema inmunol\u00f3gico, cuidar el coraz\u00f3n y mejorar la digesti\u00f3n.<\/p>\n<h3 data-start=\"870\" data-end=\"905\"><strong data-start=\"877\" data-end=\"905\">Beneficios del Producto:<\/strong><\/h3>\n<ul data-start=\"906\" data-end=\"1450\">\n<li data-start=\"906\" data-end=\"989\">\n<p data-start=\"908\" data-end=\"989\"><strong data-start=\"908\" data-end=\"944\">Refuerza el sistema inmunol\u00f3gico<\/strong> gracias a su alto contenido de vitamina C.<\/p>\n<\/li>\n<li data-start=\"990\" data-end=\"1076\">\n<p data-start=\"992\" data-end=\"1076\"><strong data-start=\"992\" data-end=\"1032\">Contribuye a la salud cardiovascular<\/strong> ayudando a controlar la presi\u00f3n arterial.<\/p>\n<\/li>\n<li data-start=\"1077\" data-end=\"1156\">\n<p data-start=\"1079\" data-end=\"1156\"><strong data-start=\"1079\" data-end=\"1104\">Favorece la digesti\u00f3n<\/strong> gracias a su fibra, previniendo el estre\u00f1imiento.<\/p>\n<\/li>\n<li data-start=\"1157\" data-end=\"1221\">\n<p data-start=\"1159\" data-end=\"1221\"><strong data-start=\"1159\" data-end=\"1189\">Ayuda a regular la glucosa<\/strong> por su bajo \u00edndice gluc\u00e9mico.<\/p>\n<\/li>\n<li data-start=\"1222\" data-end=\"1306\">\n<p data-start=\"1224\" data-end=\"1306\"><strong data-start=\"1224\" data-end=\"1257\">Beneficia la salud de la piel<\/strong> gracias a su \u00e1cido salic\u00edlico y antioxidantes.<\/p>\n<\/li>\n<li data-start=\"1307\" data-end=\"1370\">\n<p data-start=\"1309\" data-end=\"1370\"><strong data-start=\"1309\" data-end=\"1336\">Protege la salud ocular<\/strong> con antioxidantes y vitamina C.<\/p>\n<\/li>\n<li data-start=\"1371\" data-end=\"1450\">\n<p data-start=\"1373\" data-end=\"1450\"><strong data-start=\"1373\" data-end=\"1401\">Previene el da\u00f1o celular<\/strong> reduciendo el riesgo de enfermedades cr\u00f3nicas.<\/p>\n<\/li>\n<\/ul>\n<h3 data-start=\"1457\" data-end=\"1497\"><strong data-start=\"1463\" data-end=\"1497\">Recomendaciones y Modo de Uso:<\/strong><\/h3>\n<ul data-start=\"1498\" data-end=\"1640\">\n<li data-start=\"1498\" data-end=\"1543\">\n<p data-start=\"1500\" data-end=\"1543\">Perfecta para jugos, batidos y smoothies.<\/p>\n<\/li>\n<li data-start=\"1544\" data-end=\"1599\">\n<p data-start=\"1546\" data-end=\"1599\">Ideal en postres, helados, mermeladas y reposter\u00eda.<\/p>\n<\/li>\n<li data-start=\"1600\" data-end=\"1640\">\n<p data-start=\"1602\" data-end=\"1640\">Lista para usar: descongela y sirve.<\/p>\n<\/li>\n<\/ul>","protected":false},"excerpt":{"rendered":"<p data-start=\"205\" data-end=\"439\">Dulce, jugosa y nutritiva. Nuestra pulpa de fresa conserva todo el sabor y frescura de la fruta, rica en vitamina C, antioxidantes y fibra. Ideal para jugos, batidos, postres y reposter\u00eda. 100% natural, sin aditivos ni colorantes.<\/p>","protected":false},"featured_media":398,"comment_status":"open","ping_status":"closed","template":"","meta":[],"product_brand":[],"product_cat":[25],"product_tag":[],"class_list":{"0":"post-557","1":"product","2":"type-product","3":"status-publish","4":"has-post-thumbnail","6":"product_cat-locales","8":"first","9":"instock","10":"shipping-taxable","11":"purchasable","12":"product-type-simple"},"yoast_head":"<!-- This site is optimized with the Yoast SEO plugin v27.3 - https:\/\/yoast.com\/product\/yoast-seo-wordpress\/ -->\n<title>Pulpa de fresa | Dulce, fresca y nutritiva<\/title>\n<meta name=\"description\" content=\"Pulpa de fresa 100% natural, rica en vitamina C, antioxidantes y fibra. Ideal para jugos, batidos y postres saludables.\" \/>\n<meta name=\"robots\" content=\"index, follow, max-snippet:-1, max-image-preview:large, max-video-preview:-1\" \/>\n<link rel=\"canonical\" href=\"https:\/\/pulptogo.com\/en\/product\/pulpa-de-fresa\/\" \/>\n<meta property=\"og:locale\" content=\"en_US\" \/>\n<meta property=\"og:type\" content=\"article\" \/>\n<meta property=\"og:title\" content=\"\ud83c\udf53 Pulpa de Fresa | Natural, dulce y llena de beneficios\" \/>\n<meta property=\"og:description\" content=\"Disfruta la pulpa de fresa natural, rica en vitamina C, antioxidantes y fibra. Perfecta para jugos, batidos y postres nutritivos \ud83c\udf79\u2728\" \/>\n<meta property=\"og:url\" content=\"https:\/\/pulptogo.com\/en\/product\/pulpa-de-fresa\/\" \/>\n<meta property=\"og:site_name\" content=\"PulpToGo\" \/>\n<meta property=\"article:publisher\" content=\"https:\/\/www.facebook.com\/profile.php?id=61569678068479\" \/>\n<meta property=\"article:modified_time\" content=\"2025-10-23T20:28:50+00:00\" \/>\n<meta property=\"og:image\" content=\"https:\/\/pulptogo.com\/wp-content\/uploads\/2025\/07\/PRODUCTO-10.webp\" \/>\n\t<meta property=\"og:image:width\" content=\"400\" \/>\n\t<meta property=\"og:image:height\" content=\"400\" \/>\n\t<meta property=\"og:image:type\" content=\"image\/webp\" \/>\n<meta name=\"twitter:card\" content=\"summary_large_image\" \/>\n<meta name=\"twitter:label1\" content=\"Est. reading time\" \/>\n\t<meta name=\"twitter:data1\" content=\"1 minute\" \/>\n<script type=\"application\/ld+json\" class=\"yoast-schema-graph\">{\"@context\":\"https:\\\/\\\/schema.org\",\"@graph\":[{\"@type\":\"WebPage\",\"@id\":\"https:\\\/\\\/pulptogo.com\\\/producto\\\/pulpa-de-fresa\\\/\",\"url\":\"https:\\\/\\\/pulptogo.com\\\/producto\\\/pulpa-de-fresa\\\/\",\"name\":\"Pulpa de fresa | Dulce, fresca y nutritiva\",\"isPartOf\":{\"@id\":\"https:\\\/\\\/pulptogo.com\\\/#website\"},\"primaryImageOfPage\":{\"@id\":\"https:\\\/\\\/pulptogo.com\\\/producto\\\/pulpa-de-fresa\\\/#primaryimage\"},\"image\":{\"@id\":\"https:\\\/\\\/pulptogo.com\\\/producto\\\/pulpa-de-fresa\\\/#primaryimage\"},\"thumbnailUrl\":\"https:\\\/\\\/pulptogo.com\\\/wp-content\\\/uploads\\\/2025\\\/07\\\/PRODUCTO-10.webp\",\"datePublished\":\"2025-08-11T03:09:21+00:00\",\"dateModified\":\"2025-10-23T20:28:50+00:00\",\"description\":\"Pulpa de fresa 100% natural, rica en vitamina C, antioxidantes y fibra. Ideal para jugos, batidos y postres saludables.\",\"breadcrumb\":{\"@id\":\"https:\\\/\\\/pulptogo.com\\\/producto\\\/pulpa-de-fresa\\\/#breadcrumb\"},\"inLanguage\":\"en-US\",\"potentialAction\":[{\"@type\":\"ReadAction\",\"target\":[\"https:\\\/\\\/pulptogo.com\\\/producto\\\/pulpa-de-fresa\\\/\"]}]},{\"@type\":\"ImageObject\",\"inLanguage\":\"en-US\",\"@id\":\"https:\\\/\\\/pulptogo.com\\\/producto\\\/pulpa-de-fresa\\\/#primaryimage\",\"url\":\"https:\\\/\\\/pulptogo.com\\\/wp-content\\\/uploads\\\/2025\\\/07\\\/PRODUCTO-10.webp\",\"contentUrl\":\"https:\\\/\\\/pulptogo.com\\\/wp-content\\\/uploads\\\/2025\\\/07\\\/PRODUCTO-10.webp\",\"width\":400,\"height\":400},{\"@type\":\"BreadcrumbList\",\"@id\":\"https:\\\/\\\/pulptogo.com\\\/producto\\\/pulpa-de-fresa\\\/#breadcrumb\",\"itemListElement\":[{\"@type\":\"ListItem\",\"position\":1,\"name\":\"Portada\",\"item\":\"https:\\\/\\\/pulptogo.com\\\/\"},{\"@type\":\"ListItem\",\"position\":2,\"name\":\"Productos\",\"item\":\"https:\\\/\\\/pulptogo.com\\\/reembolso_devoluciones\\\/\"},{\"@type\":\"ListItem\",\"position\":3,\"name\":\"PULPA DE FRESA\"}]},{\"@type\":\"WebSite\",\"@id\":\"https:\\\/\\\/pulptogo.com\\\/#website\",\"url\":\"https:\\\/\\\/pulptogo.com\\\/\",\"name\":\"PulpToGo\",\"description\":\"Pulpas de Frutas congeladas 100% Naturales\",\"publisher\":{\"@id\":\"https:\\\/\\\/pulptogo.com\\\/#organization\"},\"alternateName\":\"Pulptogo\",\"potentialAction\":[{\"@type\":\"SearchAction\",\"target\":{\"@type\":\"EntryPoint\",\"urlTemplate\":\"https:\\\/\\\/pulptogo.com\\\/?s={search_term_string}\"},\"query-input\":{\"@type\":\"PropertyValueSpecification\",\"valueRequired\":true,\"valueName\":\"search_term_string\"}}],\"inLanguage\":\"en-US\"},{\"@type\":\"Organization\",\"@id\":\"https:\\\/\\\/pulptogo.com\\\/#organization\",\"name\":\"OpitasJuice\",\"alternateName\":\"OpitasJuice\",\"url\":\"https:\\\/\\\/pulptogo.com\\\/\",\"logo\":{\"@type\":\"ImageObject\",\"inLanguage\":\"en-US\",\"@id\":\"https:\\\/\\\/pulptogo.com\\\/#\\\/schema\\\/logo\\\/image\\\/\",\"url\":\"https:\\\/\\\/pulptogo.com\\\/wp-content\\\/uploads\\\/2025\\\/07\\\/Logo-Pulptogo-sombra-1.webp\",\"contentUrl\":\"https:\\\/\\\/pulptogo.com\\\/wp-content\\\/uploads\\\/2025\\\/07\\\/Logo-Pulptogo-sombra-1.webp\",\"width\":500,\"height\":500,\"caption\":\"OpitasJuice\"},\"image\":{\"@id\":\"https:\\\/\\\/pulptogo.com\\\/#\\\/schema\\\/logo\\\/image\\\/\"},\"sameAs\":[\"https:\\\/\\\/www.facebook.com\\\/profile.php?id=61569678068479\"]}]}<\/script>\n<!-- \/ Yoast SEO plugin. -->","yoast_head_json":{"title":"Pulpa de fresa | Dulce, fresca y nutritiva","description":"Pulpa de fresa 100% natural, rica en vitamina C, antioxidantes y fibra. Ideal para jugos, batidos y postres saludables.","robots":{"index":"index","follow":"follow","max-snippet":"max-snippet:-1","max-image-preview":"max-image-preview:large","max-video-preview":"max-video-preview:-1"},"canonical":"https:\/\/pulptogo.com\/en\/product\/pulpa-de-fresa\/","og_locale":"en_US","og_type":"article","og_title":"\ud83c\udf53 Pulpa de Fresa | Natural, dulce y llena de beneficios","og_description":"Disfruta la pulpa de fresa natural, rica en vitamina C, antioxidantes y fibra. Perfecta para jugos, batidos y postres nutritivos \ud83c\udf79\u2728","og_url":"https:\/\/pulptogo.com\/en\/product\/pulpa-de-fresa\/","og_site_name":"PulpToGo","article_publisher":"https:\/\/www.facebook.com\/profile.php?id=61569678068479","article_modified_time":"2025-10-23T20:28:50+00:00","og_image":[{"width":400,"height":400,"url":"https:\/\/pulptogo.com\/wp-content\/uploads\/2025\/07\/PRODUCTO-10.webp","type":"image\/webp"}],"twitter_card":"summary_large_image","twitter_misc":{"Est. reading time":"1 minute"},"schema":{"@context":"https:\/\/schema.org","@graph":[{"@type":"WebPage","@id":"https:\/\/pulptogo.com\/producto\/pulpa-de-fresa\/","url":"https:\/\/pulptogo.com\/producto\/pulpa-de-fresa\/","name":"Pulpa de fresa | Dulce, fresca y nutritiva","isPartOf":{"@id":"https:\/\/pulptogo.com\/#website"},"primaryImageOfPage":{"@id":"https:\/\/pulptogo.com\/producto\/pulpa-de-fresa\/#primaryimage"},"image":{"@id":"https:\/\/pulptogo.com\/producto\/pulpa-de-fresa\/#primaryimage"},"thumbnailUrl":"https:\/\/pulptogo.com\/wp-content\/uploads\/2025\/07\/PRODUCTO-10.webp","datePublished":"2025-08-11T03:09:21+00:00","dateModified":"2025-10-23T20:28:50+00:00","description":"Pulpa de fresa 100% natural, rica en vitamina C, antioxidantes y fibra. Ideal para jugos, batidos y postres saludables.","breadcrumb":{"@id":"https:\/\/pulptogo.com\/producto\/pulpa-de-fresa\/#breadcrumb"},"inLanguage":"en-US","potentialAction":[{"@type":"ReadAction","target":["https:\/\/pulptogo.com\/producto\/pulpa-de-fresa\/"]}]},{"@type":"ImageObject","inLanguage":"en-US","@id":"https:\/\/pulptogo.com\/producto\/pulpa-de-fresa\/#primaryimage","url":"https:\/\/pulptogo.com\/wp-content\/uploads\/2025\/07\/PRODUCTO-10.webp","contentUrl":"https:\/\/pulptogo.com\/wp-content\/uploads\/2025\/07\/PRODUCTO-10.webp","width":400,"height":400},{"@type":"BreadcrumbList","@id":"https:\/\/pulptogo.com\/producto\/pulpa-de-fresa\/#breadcrumb","itemListElement":[{"@type":"ListItem","position":1,"name":"Portada","item":"https:\/\/pulptogo.com\/"},{"@type":"ListItem","position":2,"name":"Productos","item":"https:\/\/pulptogo.com\/reembolso_devoluciones\/"},{"@type":"ListItem","position":3,"name":"PULPA DE FRESA"}]},{"@type":"WebSite","@id":"https:\/\/pulptogo.com\/#website","url":"https:\/\/pulptogo.com\/","name":"PulpToGo","description":"Pulpas de Frutas congeladas 100% Naturales","publisher":{"@id":"https:\/\/pulptogo.com\/#organization"},"alternateName":"Pulptogo","potentialAction":[{"@type":"SearchAction","target":{"@type":"EntryPoint","urlTemplate":"https:\/\/pulptogo.com\/?s={search_term_string}"},"query-input":{"@type":"PropertyValueSpecification","valueRequired":true,"valueName":"search_term_string"}}],"inLanguage":"en-US"},{"@type":"Organization","@id":"https:\/\/pulptogo.com\/#organization","name":"OpitasJuice","alternateName":"OpitasJuice","url":"https:\/\/pulptogo.com\/","logo":{"@type":"ImageObject","inLanguage":"en-US","@id":"https:\/\/pulptogo.com\/#\/schema\/logo\/image\/","url":"https:\/\/pulptogo.com\/wp-content\/uploads\/2025\/07\/Logo-Pulptogo-sombra-1.webp","contentUrl":"https:\/\/pulptogo.com\/wp-content\/uploads\/2025\/07\/Logo-Pulptogo-sombra-1.webp","width":500,"height":500,"caption":"OpitasJuice"},"image":{"@id":"https:\/\/pulptogo.com\/#\/schema\/logo\/image\/"},"sameAs":["https:\/\/www.facebook.com\/profile.php?id=61569678068479"]}]}},"_links":{"self":[{"href":"https:\/\/pulptogo.com\/en\/wp-json\/wp\/v2\/product\/557","targetHints":{"allow":["GET"]}}],"collection":[{"href":"https:\/\/pulptogo.com\/en\/wp-json\/wp\/v2\/product"}],"about":[{"href":"https:\/\/pulptogo.com\/en\/wp-json\/wp\/v2\/types\/product"}],"replies":[{"embeddable":true,"href":"https:\/\/pulptogo.com\/en\/wp-json\/wp\/v2\/comments?post=557"}],"wp:featuredmedia":[{"embeddable":true,"href":"https:\/\/pulptogo.com\/en\/wp-json\/wp\/v2\/media\/398"}],"wp:attachment":[{"href":"https:\/\/pulptogo.com\/en\/wp-json\/wp\/v2\/media?parent=557"}],"wp:term":[{"taxonomy":"product_brand","embeddable":true,"href":"https:\/\/pulptogo.com\/en\/wp-json\/wp\/v2\/product_brand?post=557"},{"taxonomy":"product_cat","embeddable":true,"href":"https:\/\/pulptogo.com\/en\/wp-json\/wp\/v2\/product_cat?post=557"},{"taxonomy":"product_tag","embeddable":true,"href":"https:\/\/pulptogo.com\/en\/wp-json\/wp\/v2\/product_tag?post=557"}],"curies":[{"name":"wp","href":"https:\/\/api.w.org\/{rel}","templated":true}]}}