 {"id":558,"date":"2025-08-11T03:21:31","date_gmt":"2025-08-11T03:21:31","guid":{"rendered":"https:\/\/pulptogo.com\/?post_type=product&#038;p=558"},"modified":"2025-10-23T20:28:08","modified_gmt":"2025-10-23T20:28:08","slug":"pulpa-de-pina","status":"publish","type":"product","link":"https:\/\/pulptogo.com\/en\/product\/pulpa-de-pina\/","title":{"rendered":"PINEAPPLE PULP"},"content":{"rendered":"<h2 data-start=\"609\" data-end=\"642\"><strong data-start=\"615\" data-end=\"642\">INFORMACI\u00d3N NUTRICIONAL<\/strong><\/h2>\n<p data-start=\"644\" data-end=\"896\">La <strong data-start=\"647\" data-end=\"655\">pineapple<\/strong> es baja en calor\u00edas, rica en vitamina C, potasio, fibra y bromelina, una enzima que favorece la digesti\u00f3n y posee propiedades antiinflamatorias. Es ideal para fortalecer el sistema inmune, mejorar la circulaci\u00f3n y apoyar la p\u00e9rdida de peso.<\/p>\n<h3 data-start=\"903\" data-end=\"938\"><strong data-start=\"910\" data-end=\"938\">Beneficios del Producto:<\/strong><\/h3>\n<ul data-start=\"939\" data-end=\"1584\">\n<li data-start=\"939\" data-end=\"1025\">\n<p data-start=\"941\" data-end=\"1025\"><strong data-start=\"941\" data-end=\"964\">Mejora la digesti\u00f3n<\/strong> gracias a la bromelina, que ayuda a descomponer prote\u00ednas.<\/p>\n<\/li>\n<li data-start=\"1026\" data-end=\"1104\">\n<p data-start=\"1028\" data-end=\"1104\"><strong data-start=\"1028\" data-end=\"1065\">Fortalece el sistema inmunol\u00f3gico<\/strong> por su alto contenido de vitamina C.<\/p>\n<\/li>\n<li data-start=\"1105\" data-end=\"1192\">\n<p data-start=\"1107\" data-end=\"1192\"><strong data-start=\"1107\" data-end=\"1147\">Contribuye a la salud cardiovascular<\/strong> regulando la presi\u00f3n arterial con potasio.<\/p>\n<\/li>\n<li data-start=\"1193\" data-end=\"1275\">\n<p data-start=\"1195\" data-end=\"1275\"><strong data-start=\"1195\" data-end=\"1226\">Favorece la p\u00e9rdida de peso<\/strong> por su bajo aporte cal\u00f3rico y efecto saciante.<\/p>\n<\/li>\n<li data-start=\"1276\" data-end=\"1350\">\n<p data-start=\"1278\" data-end=\"1350\"><strong data-start=\"1278\" data-end=\"1303\">Reduce la inflamaci\u00f3n<\/strong> gracias a sus propiedades antiinflamatorias.<\/p>\n<\/li>\n<li data-start=\"1351\" data-end=\"1419\">\n<p data-start=\"1353\" data-end=\"1419\"><strong data-start=\"1353\" data-end=\"1382\">Apoya la salud bucodental<\/strong> ayudando a prevenir la gingivitis.<\/p>\n<\/li>\n<li data-start=\"1420\" data-end=\"1507\">\n<p data-start=\"1422\" data-end=\"1507\"><strong data-start=\"1422\" data-end=\"1457\">Mejora la circulaci\u00f3n sangu\u00ednea<\/strong> y ayuda a prevenir problemas como hipertensi\u00f3n.<\/p>\n<\/li>\n<li data-start=\"1508\" data-end=\"1584\">\n<p data-start=\"1510\" data-end=\"1584\"><strong data-start=\"1510\" data-end=\"1531\">Efecto depurativo<\/strong> que favorece la funci\u00f3n renal y previene c\u00e1lculos.<\/p>\n<\/li>\n<\/ul>\n<h3 data-start=\"1591\" data-end=\"1631\"><strong data-start=\"1597\" data-end=\"1631\">Recomendaciones y Modo de Uso:<\/strong><\/h3>\n<ul data-start=\"1632\" data-end=\"1797\">\n<li data-start=\"1632\" data-end=\"1695\">\n<p data-start=\"1634\" data-end=\"1695\">Ideal para jugos, batidos, smoothies y cocteles tropicales.<\/p>\n<\/li>\n<li data-start=\"1696\" data-end=\"1756\">\n<p data-start=\"1698\" data-end=\"1756\">Perfecta para postres, helados, mermeladas y reposter\u00eda.<\/p>\n<\/li>\n<li data-start=\"1757\" data-end=\"1797\">\n<p data-start=\"1759\" data-end=\"1797\">Lista para usar: descongela y sirve.<\/p>\n<\/li>\n<\/ul>","protected":false},"excerpt":{"rendered":"<p data-start=\"220\" data-end=\"462\">Refrescante, dulce y tropical. Nuestra pulpa de pi\u00f1a conserva todo el sabor natural de la fruta, rica en vitamina C, bromelina y fibra. Ideal para jugos, batidos, postres y recetas saludables. 100% natural, sin conservantes ni colorantes.<\/p>","protected":false},"featured_media":400,"comment_status":"open","ping_status":"closed","template":"","meta":[],"product_brand":[],"product_cat":[25],"product_tag":[],"class_list":{"0":"post-558","1":"product","2":"type-product","3":"status-publish","4":"has-post-thumbnail","6":"product_cat-locales","8":"first","9":"instock","10":"shipping-taxable","11":"purchasable","12":"product-type-simple"},"yoast_head":"<!-- This site is optimized with the Yoast SEO plugin v27.3 - https:\/\/yoast.com\/product\/yoast-seo-wordpress\/ -->\n<title>Pulpa de pi\u00f1a | Tropical, dulce y 100% natural<\/title>\n<meta name=\"description\" content=\"Pulpa de pi\u00f1a 100% natural, rica en vitamina C, bromelina y fibra. Ideal para jugos, batidos, postres y recetas tropicales saludables.\" \/>\n<meta name=\"robots\" content=\"index, follow, max-snippet:-1, max-image-preview:large, max-video-preview:-1\" \/>\n<link rel=\"canonical\" href=\"https:\/\/pulptogo.com\/en\/product\/pulpa-de-pina\/\" \/>\n<meta property=\"og:locale\" content=\"en_US\" \/>\n<meta property=\"og:type\" content=\"article\" \/>\n<meta property=\"og:title\" content=\"\ud83c\udf4d Pulpa de Pi\u00f1a | Fresca, dulce y llena de beneficios\" \/>\n<meta property=\"og:description\" content=\"Disfruta la pulpa de pi\u00f1a natural, rica en vitamina C y bromelina. Perfecta para jugos, batidos y postres tropicales y nutritivos \ud83c\udf79\u2728\" \/>\n<meta property=\"og:url\" content=\"https:\/\/pulptogo.com\/en\/product\/pulpa-de-pina\/\" \/>\n<meta property=\"og:site_name\" content=\"PulpToGo\" \/>\n<meta property=\"article:publisher\" content=\"https:\/\/www.facebook.com\/profile.php?id=61569678068479\" \/>\n<meta property=\"article:modified_time\" content=\"2025-10-23T20:28:08+00:00\" \/>\n<meta property=\"og:image\" content=\"https:\/\/pulptogo.com\/wp-content\/uploads\/2025\/07\/PRODUCTO-12.webp\" \/>\n\t<meta property=\"og:image:width\" content=\"400\" \/>\n\t<meta property=\"og:image:height\" content=\"400\" \/>\n\t<meta property=\"og:image:type\" content=\"image\/webp\" \/>\n<meta name=\"twitter:card\" content=\"summary_large_image\" \/>\n<meta name=\"twitter:label1\" content=\"Est. reading time\" \/>\n\t<meta name=\"twitter:data1\" content=\"1 minute\" \/>\n<script type=\"application\/ld+json\" class=\"yoast-schema-graph\">{\"@context\":\"https:\\\/\\\/schema.org\",\"@graph\":[{\"@type\":\"WebPage\",\"@id\":\"https:\\\/\\\/pulptogo.com\\\/producto\\\/pulpa-de-pina\\\/\",\"url\":\"https:\\\/\\\/pulptogo.com\\\/producto\\\/pulpa-de-pina\\\/\",\"name\":\"Pulpa de pi\u00f1a | Tropical, dulce y 100% natural\",\"isPartOf\":{\"@id\":\"https:\\\/\\\/pulptogo.com\\\/#website\"},\"primaryImageOfPage\":{\"@id\":\"https:\\\/\\\/pulptogo.com\\\/producto\\\/pulpa-de-pina\\\/#primaryimage\"},\"image\":{\"@id\":\"https:\\\/\\\/pulptogo.com\\\/producto\\\/pulpa-de-pina\\\/#primaryimage\"},\"thumbnailUrl\":\"https:\\\/\\\/pulptogo.com\\\/wp-content\\\/uploads\\\/2025\\\/07\\\/PRODUCTO-12.webp\",\"datePublished\":\"2025-08-11T03:21:31+00:00\",\"dateModified\":\"2025-10-23T20:28:08+00:00\",\"description\":\"Pulpa de pi\u00f1a 100% natural, rica en vitamina C, bromelina y fibra. Ideal para jugos, batidos, postres y recetas tropicales saludables.\",\"breadcrumb\":{\"@id\":\"https:\\\/\\\/pulptogo.com\\\/producto\\\/pulpa-de-pina\\\/#breadcrumb\"},\"inLanguage\":\"en-US\",\"potentialAction\":[{\"@type\":\"ReadAction\",\"target\":[\"https:\\\/\\\/pulptogo.com\\\/producto\\\/pulpa-de-pina\\\/\"]}]},{\"@type\":\"ImageObject\",\"inLanguage\":\"en-US\",\"@id\":\"https:\\\/\\\/pulptogo.com\\\/producto\\\/pulpa-de-pina\\\/#primaryimage\",\"url\":\"https:\\\/\\\/pulptogo.com\\\/wp-content\\\/uploads\\\/2025\\\/07\\\/PRODUCTO-12.webp\",\"contentUrl\":\"https:\\\/\\\/pulptogo.com\\\/wp-content\\\/uploads\\\/2025\\\/07\\\/PRODUCTO-12.webp\",\"width\":400,\"height\":400},{\"@type\":\"BreadcrumbList\",\"@id\":\"https:\\\/\\\/pulptogo.com\\\/producto\\\/pulpa-de-pina\\\/#breadcrumb\",\"itemListElement\":[{\"@type\":\"ListItem\",\"position\":1,\"name\":\"Portada\",\"item\":\"https:\\\/\\\/pulptogo.com\\\/\"},{\"@type\":\"ListItem\",\"position\":2,\"name\":\"Productos\",\"item\":\"https:\\\/\\\/pulptogo.com\\\/reembolso_devoluciones\\\/\"},{\"@type\":\"ListItem\",\"position\":3,\"name\":\"PULPA DE PI\u00d1A\"}]},{\"@type\":\"WebSite\",\"@id\":\"https:\\\/\\\/pulptogo.com\\\/#website\",\"url\":\"https:\\\/\\\/pulptogo.com\\\/\",\"name\":\"PulpToGo\",\"description\":\"Pulpas de Frutas congeladas 100% Naturales\",\"publisher\":{\"@id\":\"https:\\\/\\\/pulptogo.com\\\/#organization\"},\"alternateName\":\"Pulptogo\",\"potentialAction\":[{\"@type\":\"SearchAction\",\"target\":{\"@type\":\"EntryPoint\",\"urlTemplate\":\"https:\\\/\\\/pulptogo.com\\\/?s={search_term_string}\"},\"query-input\":{\"@type\":\"PropertyValueSpecification\",\"valueRequired\":true,\"valueName\":\"search_term_string\"}}],\"inLanguage\":\"en-US\"},{\"@type\":\"Organization\",\"@id\":\"https:\\\/\\\/pulptogo.com\\\/#organization\",\"name\":\"OpitasJuice\",\"alternateName\":\"OpitasJuice\",\"url\":\"https:\\\/\\\/pulptogo.com\\\/\",\"logo\":{\"@type\":\"ImageObject\",\"inLanguage\":\"en-US\",\"@id\":\"https:\\\/\\\/pulptogo.com\\\/#\\\/schema\\\/logo\\\/image\\\/\",\"url\":\"https:\\\/\\\/pulptogo.com\\\/wp-content\\\/uploads\\\/2025\\\/07\\\/Logo-Pulptogo-sombra-1.webp\",\"contentUrl\":\"https:\\\/\\\/pulptogo.com\\\/wp-content\\\/uploads\\\/2025\\\/07\\\/Logo-Pulptogo-sombra-1.webp\",\"width\":500,\"height\":500,\"caption\":\"OpitasJuice\"},\"image\":{\"@id\":\"https:\\\/\\\/pulptogo.com\\\/#\\\/schema\\\/logo\\\/image\\\/\"},\"sameAs\":[\"https:\\\/\\\/www.facebook.com\\\/profile.php?id=61569678068479\"]}]}<\/script>\n<!-- \/ Yoast SEO plugin. -->","yoast_head_json":{"title":"Pulpa de pi\u00f1a | Tropical, dulce y 100% natural","description":"Pulpa de pi\u00f1a 100% natural, rica en vitamina C, bromelina y fibra. Ideal para jugos, batidos, postres y recetas tropicales saludables.","robots":{"index":"index","follow":"follow","max-snippet":"max-snippet:-1","max-image-preview":"max-image-preview:large","max-video-preview":"max-video-preview:-1"},"canonical":"https:\/\/pulptogo.com\/en\/product\/pulpa-de-pina\/","og_locale":"en_US","og_type":"article","og_title":"\ud83c\udf4d Pulpa de Pi\u00f1a | Fresca, dulce y llena de beneficios","og_description":"Disfruta la pulpa de pi\u00f1a natural, rica en vitamina C y bromelina. Perfecta para jugos, batidos y postres tropicales y nutritivos \ud83c\udf79\u2728","og_url":"https:\/\/pulptogo.com\/en\/product\/pulpa-de-pina\/","og_site_name":"PulpToGo","article_publisher":"https:\/\/www.facebook.com\/profile.php?id=61569678068479","article_modified_time":"2025-10-23T20:28:08+00:00","og_image":[{"width":400,"height":400,"url":"https:\/\/pulptogo.com\/wp-content\/uploads\/2025\/07\/PRODUCTO-12.webp","type":"image\/webp"}],"twitter_card":"summary_large_image","twitter_misc":{"Est. reading time":"1 minute"},"schema":{"@context":"https:\/\/schema.org","@graph":[{"@type":"WebPage","@id":"https:\/\/pulptogo.com\/producto\/pulpa-de-pina\/","url":"https:\/\/pulptogo.com\/producto\/pulpa-de-pina\/","name":"Pulpa de pi\u00f1a | Tropical, dulce y 100% natural","isPartOf":{"@id":"https:\/\/pulptogo.com\/#website"},"primaryImageOfPage":{"@id":"https:\/\/pulptogo.com\/producto\/pulpa-de-pina\/#primaryimage"},"image":{"@id":"https:\/\/pulptogo.com\/producto\/pulpa-de-pina\/#primaryimage"},"thumbnailUrl":"https:\/\/pulptogo.com\/wp-content\/uploads\/2025\/07\/PRODUCTO-12.webp","datePublished":"2025-08-11T03:21:31+00:00","dateModified":"2025-10-23T20:28:08+00:00","description":"Pulpa de pi\u00f1a 100% natural, rica en vitamina C, bromelina y fibra. Ideal para jugos, batidos, postres y recetas tropicales saludables.","breadcrumb":{"@id":"https:\/\/pulptogo.com\/producto\/pulpa-de-pina\/#breadcrumb"},"inLanguage":"en-US","potentialAction":[{"@type":"ReadAction","target":["https:\/\/pulptogo.com\/producto\/pulpa-de-pina\/"]}]},{"@type":"ImageObject","inLanguage":"en-US","@id":"https:\/\/pulptogo.com\/producto\/pulpa-de-pina\/#primaryimage","url":"https:\/\/pulptogo.com\/wp-content\/uploads\/2025\/07\/PRODUCTO-12.webp","contentUrl":"https:\/\/pulptogo.com\/wp-content\/uploads\/2025\/07\/PRODUCTO-12.webp","width":400,"height":400},{"@type":"BreadcrumbList","@id":"https:\/\/pulptogo.com\/producto\/pulpa-de-pina\/#breadcrumb","itemListElement":[{"@type":"ListItem","position":1,"name":"Portada","item":"https:\/\/pulptogo.com\/"},{"@type":"ListItem","position":2,"name":"Productos","item":"https:\/\/pulptogo.com\/reembolso_devoluciones\/"},{"@type":"ListItem","position":3,"name":"PULPA DE PI\u00d1A"}]},{"@type":"WebSite","@id":"https:\/\/pulptogo.com\/#website","url":"https:\/\/pulptogo.com\/","name":"PulpToGo","description":"Pulpas de Frutas congeladas 100% Naturales","publisher":{"@id":"https:\/\/pulptogo.com\/#organization"},"alternateName":"Pulptogo","potentialAction":[{"@type":"SearchAction","target":{"@type":"EntryPoint","urlTemplate":"https:\/\/pulptogo.com\/?s={search_term_string}"},"query-input":{"@type":"PropertyValueSpecification","valueRequired":true,"valueName":"search_term_string"}}],"inLanguage":"en-US"},{"@type":"Organization","@id":"https:\/\/pulptogo.com\/#organization","name":"OpitasJuice","alternateName":"OpitasJuice","url":"https:\/\/pulptogo.com\/","logo":{"@type":"ImageObject","inLanguage":"en-US","@id":"https:\/\/pulptogo.com\/#\/schema\/logo\/image\/","url":"https:\/\/pulptogo.com\/wp-content\/uploads\/2025\/07\/Logo-Pulptogo-sombra-1.webp","contentUrl":"https:\/\/pulptogo.com\/wp-content\/uploads\/2025\/07\/Logo-Pulptogo-sombra-1.webp","width":500,"height":500,"caption":"OpitasJuice"},"image":{"@id":"https:\/\/pulptogo.com\/#\/schema\/logo\/image\/"},"sameAs":["https:\/\/www.facebook.com\/profile.php?id=61569678068479"]}]}},"_links":{"self":[{"href":"https:\/\/pulptogo.com\/en\/wp-json\/wp\/v2\/product\/558","targetHints":{"allow":["GET"]}}],"collection":[{"href":"https:\/\/pulptogo.com\/en\/wp-json\/wp\/v2\/product"}],"about":[{"href":"https:\/\/pulptogo.com\/en\/wp-json\/wp\/v2\/types\/product"}],"replies":[{"embeddable":true,"href":"https:\/\/pulptogo.com\/en\/wp-json\/wp\/v2\/comments?post=558"}],"wp:featuredmedia":[{"embeddable":true,"href":"https:\/\/pulptogo.com\/en\/wp-json\/wp\/v2\/media\/400"}],"wp:attachment":[{"href":"https:\/\/pulptogo.com\/en\/wp-json\/wp\/v2\/media?parent=558"}],"wp:term":[{"taxonomy":"product_brand","embeddable":true,"href":"https:\/\/pulptogo.com\/en\/wp-json\/wp\/v2\/product_brand?post=558"},{"taxonomy":"product_cat","embeddable":true,"href":"https:\/\/pulptogo.com\/en\/wp-json\/wp\/v2\/product_cat?post=558"},{"taxonomy":"product_tag","embeddable":true,"href":"https:\/\/pulptogo.com\/en\/wp-json\/wp\/v2\/product_tag?post=558"}],"curies":[{"name":"wp","href":"https:\/\/api.w.org\/{rel}","templated":true}]}}