 {"id":559,"date":"2025-08-11T03:31:22","date_gmt":"2025-08-11T03:31:22","guid":{"rendered":"https:\/\/pulptogo.com\/?post_type=product&#038;p=559"},"modified":"2025-10-23T20:26:45","modified_gmt":"2025-10-23T20:26:45","slug":"pulpa-de-lulo","status":"publish","type":"product","link":"https:\/\/pulptogo.com\/en\/product\/pulpa-de-lulo\/","title":{"rendered":"LULO LULUS PULP"},"content":{"rendered":"<h2 data-start=\"615\" data-end=\"648\"><strong data-start=\"621\" data-end=\"648\">INFORMACI\u00d3N NUTRICIONAL<\/strong><\/h2>\n<p data-start=\"650\" data-end=\"877\">El <strong data-start=\"653\" data-end=\"661\">lulo<\/strong> es rico en vitamina C, A, f\u00f3sforo, hierro y fibra, con propiedades diur\u00e9ticas, antioxidantes y digestivas. Ayuda a fortalecer el sistema inmunol\u00f3gico, mejorar la digesti\u00f3n y favorecer la salud cardiovascular y \u00f3sea.<\/p>\n<h3 data-start=\"884\" data-end=\"919\"><strong data-start=\"891\" data-end=\"919\">Beneficios del Producto:<\/strong><\/h3>\n<ul data-start=\"920\" data-end=\"1630\">\n<li data-start=\"920\" data-end=\"989\">\n<p data-start=\"922\" data-end=\"989\"><strong data-start=\"922\" data-end=\"958\">Refuerza el sistema inmunol\u00f3gico<\/strong> gracias a la vitamina C y A.<\/p>\n<\/li>\n<li data-start=\"990\" data-end=\"1079\">\n<p data-start=\"992\" data-end=\"1079\"><strong data-start=\"992\" data-end=\"1017\">Favorece la digesti\u00f3n<\/strong> y previene el estre\u00f1imiento por su alto contenido de fibra.<\/p>\n<\/li>\n<li data-start=\"1080\" data-end=\"1172\">\n<p data-start=\"1082\" data-end=\"1172\"><strong data-start=\"1082\" data-end=\"1104\">Protege el coraz\u00f3n<\/strong> ayudando a reducir el colesterol y controlar la presi\u00f3n arterial.<\/p>\n<\/li>\n<li data-start=\"1173\" data-end=\"1245\">\n<p data-start=\"1175\" data-end=\"1245\"><strong data-start=\"1175\" data-end=\"1205\">Fortalece huesos y dientes<\/strong> por su contenido de f\u00f3sforo y hierro.<\/p>\n<\/li>\n<li data-start=\"1246\" data-end=\"1311\">\n<p data-start=\"1248\" data-end=\"1311\"><strong data-start=\"1248\" data-end=\"1278\">Mejora la funci\u00f3n muscular<\/strong> gracias a su aporte de hierro.<\/p>\n<\/li>\n<li data-start=\"1312\" data-end=\"1392\">\n<p data-start=\"1314\" data-end=\"1392\"><strong data-start=\"1314\" data-end=\"1343\">Beneficia la salud ocular<\/strong> con vitamina A, ayudando a prevenir cataratas.<\/p>\n<\/li>\n<li data-start=\"1393\" data-end=\"1466\">\n<p data-start=\"1395\" data-end=\"1466\"><strong data-start=\"1395\" data-end=\"1414\">Efecto calmante<\/strong> que ayuda a reducir el estr\u00e9s y mejorar el sue\u00f1o.<\/p>\n<\/li>\n<li data-start=\"1467\" data-end=\"1549\">\n<p data-start=\"1469\" data-end=\"1549\"><strong data-start=\"1469\" data-end=\"1495\">Propiedades diur\u00e9ticas<\/strong> que facilitan la eliminaci\u00f3n de toxinas y l\u00edquidos.<\/p>\n<\/li>\n<li data-start=\"1550\" data-end=\"1630\">\n<p data-start=\"1552\" data-end=\"1630\"><strong data-start=\"1552\" data-end=\"1589\">Ayuda a desintoxicar el organismo<\/strong> eliminando exceso de grasa y residuos.<\/p>\n<\/li>\n<\/ul>\n<h3 data-start=\"1637\" data-end=\"1677\"><strong data-start=\"1643\" data-end=\"1677\">Recomendaciones y Modo de Uso:<\/strong><\/h3>\n<ul data-start=\"1678\" data-end=\"1843\">\n<li data-start=\"1678\" data-end=\"1741\">\n<p data-start=\"1680\" data-end=\"1741\">Ideal para jugos, batidos, smoothies y cocteles tropicales.<\/p>\n<\/li>\n<li data-start=\"1742\" data-end=\"1802\">\n<p data-start=\"1744\" data-end=\"1802\">Perfecta para postres, helados, mermeladas y reposter\u00eda.<\/p>\n<\/li>\n<li data-start=\"1803\" data-end=\"1843\">\n<p data-start=\"1805\" data-end=\"1843\">Lista para usar: descongela y sirve.<\/p>\n<\/li>\n<\/ul>","protected":false},"excerpt":{"rendered":"<p>Refrescante, ex\u00f3tica y ligeramente \u00e1cida. Nuestra pulpa de lulo conserva todo su sabor natural, rica en vitamina C, A, fibra y minerales esenciales. Ideal para jugos, postres y cocteles tropicales. 100% natural, sin conservantes ni colorantes.<\/p>","protected":false},"featured_media":401,"comment_status":"open","ping_status":"closed","template":"","meta":[],"product_brand":[],"product_cat":[25],"product_tag":[],"class_list":{"0":"post-559","1":"product","2":"type-product","3":"status-publish","4":"has-post-thumbnail","6":"product_cat-locales","8":"first","9":"instock","10":"shipping-taxable","11":"purchasable","12":"product-type-simple"},"yoast_head":"<!-- This site is optimized with the Yoast SEO plugin v27.3 - https:\/\/yoast.com\/product\/yoast-seo-wordpress\/ -->\n<title>Pulpa de lulo | Ex\u00f3tica, refrescante y natural<\/title>\n<meta name=\"description\" content=\"Pulpa de lulo 100% natural, rica en vitaminas y fibra. Ideal para jugos, postres y cocteles tropicales. Refrescante, saludable y sin aditivos.\" \/>\n<meta name=\"robots\" content=\"index, follow, max-snippet:-1, max-image-preview:large, max-video-preview:-1\" \/>\n<link rel=\"canonical\" href=\"https:\/\/pulptogo.com\/en\/product\/pulpa-de-lulo\/\" \/>\n<meta property=\"og:locale\" content=\"en_US\" \/>\n<meta property=\"og:type\" content=\"article\" \/>\n<meta property=\"og:title\" content=\"\ud83c\udf4a Pulpa de Lulo | Refrescante, tropical y nutritiva\" \/>\n<meta property=\"og:description\" content=\"Disfruta la pulpa de lulo natural, rica en vitaminas C y A, fibra y minerales. Perfecta para jugos, postres y bebidas refrescantes \ud83c\udf79\u2728\" \/>\n<meta property=\"og:url\" content=\"https:\/\/pulptogo.com\/en\/product\/pulpa-de-lulo\/\" \/>\n<meta property=\"og:site_name\" content=\"PulpToGo\" \/>\n<meta property=\"article:publisher\" content=\"https:\/\/www.facebook.com\/profile.php?id=61569678068479\" \/>\n<meta property=\"article:modified_time\" content=\"2025-10-23T20:26:45+00:00\" \/>\n<meta property=\"og:image\" content=\"https:\/\/pulptogo.com\/wp-content\/uploads\/2025\/07\/PRODUCTO-13.webp\" \/>\n\t<meta property=\"og:image:width\" content=\"400\" \/>\n\t<meta property=\"og:image:height\" content=\"400\" \/>\n\t<meta property=\"og:image:type\" content=\"image\/webp\" \/>\n<meta name=\"twitter:card\" content=\"summary_large_image\" \/>\n<meta name=\"twitter:label1\" content=\"Est. reading time\" \/>\n\t<meta name=\"twitter:data1\" content=\"1 minute\" \/>\n<script type=\"application\/ld+json\" class=\"yoast-schema-graph\">{\"@context\":\"https:\\\/\\\/schema.org\",\"@graph\":[{\"@type\":\"WebPage\",\"@id\":\"https:\\\/\\\/pulptogo.com\\\/producto\\\/pulpa-de-lulo\\\/\",\"url\":\"https:\\\/\\\/pulptogo.com\\\/producto\\\/pulpa-de-lulo\\\/\",\"name\":\"Pulpa de lulo | Ex\u00f3tica, refrescante y natural\",\"isPartOf\":{\"@id\":\"https:\\\/\\\/pulptogo.com\\\/#website\"},\"primaryImageOfPage\":{\"@id\":\"https:\\\/\\\/pulptogo.com\\\/producto\\\/pulpa-de-lulo\\\/#primaryimage\"},\"image\":{\"@id\":\"https:\\\/\\\/pulptogo.com\\\/producto\\\/pulpa-de-lulo\\\/#primaryimage\"},\"thumbnailUrl\":\"https:\\\/\\\/pulptogo.com\\\/wp-content\\\/uploads\\\/2025\\\/07\\\/PRODUCTO-13.webp\",\"datePublished\":\"2025-08-11T03:31:22+00:00\",\"dateModified\":\"2025-10-23T20:26:45+00:00\",\"description\":\"Pulpa de lulo 100% natural, rica en vitaminas y fibra. Ideal para jugos, postres y cocteles tropicales. Refrescante, saludable y sin aditivos.\",\"breadcrumb\":{\"@id\":\"https:\\\/\\\/pulptogo.com\\\/producto\\\/pulpa-de-lulo\\\/#breadcrumb\"},\"inLanguage\":\"en-US\",\"potentialAction\":[{\"@type\":\"ReadAction\",\"target\":[\"https:\\\/\\\/pulptogo.com\\\/producto\\\/pulpa-de-lulo\\\/\"]}]},{\"@type\":\"ImageObject\",\"inLanguage\":\"en-US\",\"@id\":\"https:\\\/\\\/pulptogo.com\\\/producto\\\/pulpa-de-lulo\\\/#primaryimage\",\"url\":\"https:\\\/\\\/pulptogo.com\\\/wp-content\\\/uploads\\\/2025\\\/07\\\/PRODUCTO-13.webp\",\"contentUrl\":\"https:\\\/\\\/pulptogo.com\\\/wp-content\\\/uploads\\\/2025\\\/07\\\/PRODUCTO-13.webp\",\"width\":400,\"height\":400},{\"@type\":\"BreadcrumbList\",\"@id\":\"https:\\\/\\\/pulptogo.com\\\/producto\\\/pulpa-de-lulo\\\/#breadcrumb\",\"itemListElement\":[{\"@type\":\"ListItem\",\"position\":1,\"name\":\"Portada\",\"item\":\"https:\\\/\\\/pulptogo.com\\\/\"},{\"@type\":\"ListItem\",\"position\":2,\"name\":\"Productos\",\"item\":\"https:\\\/\\\/pulptogo.com\\\/reembolso_devoluciones\\\/\"},{\"@type\":\"ListItem\",\"position\":3,\"name\":\"PULPA DE LULO\"}]},{\"@type\":\"WebSite\",\"@id\":\"https:\\\/\\\/pulptogo.com\\\/#website\",\"url\":\"https:\\\/\\\/pulptogo.com\\\/\",\"name\":\"PulpToGo\",\"description\":\"Pulpas de Frutas congeladas 100% Naturales\",\"publisher\":{\"@id\":\"https:\\\/\\\/pulptogo.com\\\/#organization\"},\"alternateName\":\"Pulptogo\",\"potentialAction\":[{\"@type\":\"SearchAction\",\"target\":{\"@type\":\"EntryPoint\",\"urlTemplate\":\"https:\\\/\\\/pulptogo.com\\\/?s={search_term_string}\"},\"query-input\":{\"@type\":\"PropertyValueSpecification\",\"valueRequired\":true,\"valueName\":\"search_term_string\"}}],\"inLanguage\":\"en-US\"},{\"@type\":\"Organization\",\"@id\":\"https:\\\/\\\/pulptogo.com\\\/#organization\",\"name\":\"OpitasJuice\",\"alternateName\":\"OpitasJuice\",\"url\":\"https:\\\/\\\/pulptogo.com\\\/\",\"logo\":{\"@type\":\"ImageObject\",\"inLanguage\":\"en-US\",\"@id\":\"https:\\\/\\\/pulptogo.com\\\/#\\\/schema\\\/logo\\\/image\\\/\",\"url\":\"https:\\\/\\\/pulptogo.com\\\/wp-content\\\/uploads\\\/2025\\\/07\\\/Logo-Pulptogo-sombra-1.webp\",\"contentUrl\":\"https:\\\/\\\/pulptogo.com\\\/wp-content\\\/uploads\\\/2025\\\/07\\\/Logo-Pulptogo-sombra-1.webp\",\"width\":500,\"height\":500,\"caption\":\"OpitasJuice\"},\"image\":{\"@id\":\"https:\\\/\\\/pulptogo.com\\\/#\\\/schema\\\/logo\\\/image\\\/\"},\"sameAs\":[\"https:\\\/\\\/www.facebook.com\\\/profile.php?id=61569678068479\"]}]}<\/script>\n<!-- \/ Yoast SEO plugin. -->","yoast_head_json":{"title":"Pulpa de lulo | Ex\u00f3tica, refrescante y natural","description":"Pulpa de lulo 100% natural, rica en vitaminas y fibra. Ideal para jugos, postres y cocteles tropicales. Refrescante, saludable y sin aditivos.","robots":{"index":"index","follow":"follow","max-snippet":"max-snippet:-1","max-image-preview":"max-image-preview:large","max-video-preview":"max-video-preview:-1"},"canonical":"https:\/\/pulptogo.com\/en\/product\/pulpa-de-lulo\/","og_locale":"en_US","og_type":"article","og_title":"\ud83c\udf4a Pulpa de Lulo | Refrescante, tropical y nutritiva","og_description":"Disfruta la pulpa de lulo natural, rica en vitaminas C y A, fibra y minerales. Perfecta para jugos, postres y bebidas refrescantes \ud83c\udf79\u2728","og_url":"https:\/\/pulptogo.com\/en\/product\/pulpa-de-lulo\/","og_site_name":"PulpToGo","article_publisher":"https:\/\/www.facebook.com\/profile.php?id=61569678068479","article_modified_time":"2025-10-23T20:26:45+00:00","og_image":[{"width":400,"height":400,"url":"https:\/\/pulptogo.com\/wp-content\/uploads\/2025\/07\/PRODUCTO-13.webp","type":"image\/webp"}],"twitter_card":"summary_large_image","twitter_misc":{"Est. reading time":"1 minute"},"schema":{"@context":"https:\/\/schema.org","@graph":[{"@type":"WebPage","@id":"https:\/\/pulptogo.com\/producto\/pulpa-de-lulo\/","url":"https:\/\/pulptogo.com\/producto\/pulpa-de-lulo\/","name":"Pulpa de lulo | Ex\u00f3tica, refrescante y natural","isPartOf":{"@id":"https:\/\/pulptogo.com\/#website"},"primaryImageOfPage":{"@id":"https:\/\/pulptogo.com\/producto\/pulpa-de-lulo\/#primaryimage"},"image":{"@id":"https:\/\/pulptogo.com\/producto\/pulpa-de-lulo\/#primaryimage"},"thumbnailUrl":"https:\/\/pulptogo.com\/wp-content\/uploads\/2025\/07\/PRODUCTO-13.webp","datePublished":"2025-08-11T03:31:22+00:00","dateModified":"2025-10-23T20:26:45+00:00","description":"Pulpa de lulo 100% natural, rica en vitaminas y fibra. Ideal para jugos, postres y cocteles tropicales. Refrescante, saludable y sin aditivos.","breadcrumb":{"@id":"https:\/\/pulptogo.com\/producto\/pulpa-de-lulo\/#breadcrumb"},"inLanguage":"en-US","potentialAction":[{"@type":"ReadAction","target":["https:\/\/pulptogo.com\/producto\/pulpa-de-lulo\/"]}]},{"@type":"ImageObject","inLanguage":"en-US","@id":"https:\/\/pulptogo.com\/producto\/pulpa-de-lulo\/#primaryimage","url":"https:\/\/pulptogo.com\/wp-content\/uploads\/2025\/07\/PRODUCTO-13.webp","contentUrl":"https:\/\/pulptogo.com\/wp-content\/uploads\/2025\/07\/PRODUCTO-13.webp","width":400,"height":400},{"@type":"BreadcrumbList","@id":"https:\/\/pulptogo.com\/producto\/pulpa-de-lulo\/#breadcrumb","itemListElement":[{"@type":"ListItem","position":1,"name":"Portada","item":"https:\/\/pulptogo.com\/"},{"@type":"ListItem","position":2,"name":"Productos","item":"https:\/\/pulptogo.com\/reembolso_devoluciones\/"},{"@type":"ListItem","position":3,"name":"PULPA DE LULO"}]},{"@type":"WebSite","@id":"https:\/\/pulptogo.com\/#website","url":"https:\/\/pulptogo.com\/","name":"PulpToGo","description":"Pulpas de Frutas congeladas 100% Naturales","publisher":{"@id":"https:\/\/pulptogo.com\/#organization"},"alternateName":"Pulptogo","potentialAction":[{"@type":"SearchAction","target":{"@type":"EntryPoint","urlTemplate":"https:\/\/pulptogo.com\/?s={search_term_string}"},"query-input":{"@type":"PropertyValueSpecification","valueRequired":true,"valueName":"search_term_string"}}],"inLanguage":"en-US"},{"@type":"Organization","@id":"https:\/\/pulptogo.com\/#organization","name":"OpitasJuice","alternateName":"OpitasJuice","url":"https:\/\/pulptogo.com\/","logo":{"@type":"ImageObject","inLanguage":"en-US","@id":"https:\/\/pulptogo.com\/#\/schema\/logo\/image\/","url":"https:\/\/pulptogo.com\/wp-content\/uploads\/2025\/07\/Logo-Pulptogo-sombra-1.webp","contentUrl":"https:\/\/pulptogo.com\/wp-content\/uploads\/2025\/07\/Logo-Pulptogo-sombra-1.webp","width":500,"height":500,"caption":"OpitasJuice"},"image":{"@id":"https:\/\/pulptogo.com\/#\/schema\/logo\/image\/"},"sameAs":["https:\/\/www.facebook.com\/profile.php?id=61569678068479"]}]}},"_links":{"self":[{"href":"https:\/\/pulptogo.com\/en\/wp-json\/wp\/v2\/product\/559","targetHints":{"allow":["GET"]}}],"collection":[{"href":"https:\/\/pulptogo.com\/en\/wp-json\/wp\/v2\/product"}],"about":[{"href":"https:\/\/pulptogo.com\/en\/wp-json\/wp\/v2\/types\/product"}],"replies":[{"embeddable":true,"href":"https:\/\/pulptogo.com\/en\/wp-json\/wp\/v2\/comments?post=559"}],"wp:featuredmedia":[{"embeddable":true,"href":"https:\/\/pulptogo.com\/en\/wp-json\/wp\/v2\/media\/401"}],"wp:attachment":[{"href":"https:\/\/pulptogo.com\/en\/wp-json\/wp\/v2\/media?parent=559"}],"wp:term":[{"taxonomy":"product_brand","embeddable":true,"href":"https:\/\/pulptogo.com\/en\/wp-json\/wp\/v2\/product_brand?post=559"},{"taxonomy":"product_cat","embeddable":true,"href":"https:\/\/pulptogo.com\/en\/wp-json\/wp\/v2\/product_cat?post=559"},{"taxonomy":"product_tag","embeddable":true,"href":"https:\/\/pulptogo.com\/en\/wp-json\/wp\/v2\/product_tag?post=559"}],"curies":[{"name":"wp","href":"https:\/\/api.w.org\/{rel}","templated":true}]}}