 {"id":560,"date":"2025-08-11T03:38:54","date_gmt":"2025-08-11T03:38:54","guid":{"rendered":"https:\/\/pulptogo.com\/?post_type=product&#038;p=560"},"modified":"2025-10-23T20:25:07","modified_gmt":"2025-10-23T20:25:07","slug":"pulpa-de-mora","status":"publish","type":"product","link":"https:\/\/pulptogo.com\/en\/product\/pulpa-de-mora\/","title":{"rendered":"BLACKBERRY PULP"},"content":{"rendered":"<h2 data-start=\"600\" data-end=\"633\"><strong data-start=\"606\" data-end=\"633\">INFORMACI\u00d3N NUTRICIONAL<\/strong><\/h2>\n<p data-start=\"635\" data-end=\"856\">La <strong data-start=\"638\" data-end=\"646\">mora<\/strong> es una fruta rica en antioxidantes (antocianinas), vitaminas C, K y E, fibra y compuestos fen\u00f3licos. Contribuye a proteger el coraz\u00f3n, mejorar la digesti\u00f3n, cuidar la piel y prevenir el envejecimiento celular.<\/p>\n<h3 data-start=\"863\" data-end=\"898\"><strong data-start=\"870\" data-end=\"898\">Beneficios del Producto:<\/strong><\/h3>\n<ul data-start=\"899\" data-end=\"1630\">\n<li data-start=\"899\" data-end=\"993\">\n<p data-start=\"901\" data-end=\"993\"><strong data-start=\"901\" data-end=\"928\">Protecci\u00f3n antioxidante<\/strong> contra radicales libres, retrasando el envejecimiento celular.<\/p>\n<\/li>\n<li data-start=\"994\" data-end=\"1111\">\n<p data-start=\"996\" data-end=\"1111\"><strong data-start=\"996\" data-end=\"1030\">Mejora la salud cardiovascular<\/strong> reduciendo el riesgo de enfermedades card\u00edacas y accidentes cerebrovasculares.<\/p>\n<\/li>\n<li data-start=\"1112\" data-end=\"1179\">\n<p data-start=\"1114\" data-end=\"1179\"><strong data-start=\"1114\" data-end=\"1139\">Favorece la digesti\u00f3n<\/strong> gracias a su alto contenido de fibra.<\/p>\n<\/li>\n<li data-start=\"1180\" data-end=\"1256\">\n<p data-start=\"1182\" data-end=\"1256\"><strong data-start=\"1182\" data-end=\"1218\">Contribuye a la salud de la piel<\/strong> mejorando hidrataci\u00f3n y apariencia.<\/p>\n<\/li>\n<li data-start=\"1257\" data-end=\"1324\">\n<p data-start=\"1259\" data-end=\"1324\"><strong data-start=\"1259\" data-end=\"1279\">Fortalece huesos<\/strong> gracias a la vitamina K y otros minerales.<\/p>\n<\/li>\n<li data-start=\"1325\" data-end=\"1413\">\n<p data-start=\"1327\" data-end=\"1413\"><strong data-start=\"1327\" data-end=\"1358\">Protege la funci\u00f3n cerebral<\/strong> ayudando a prevenir enfermedades neurodegenerativas.<\/p>\n<\/li>\n<li data-start=\"1414\" data-end=\"1472\">\n<p data-start=\"1416\" data-end=\"1472\"><strong data-start=\"1416\" data-end=\"1446\">Regula el az\u00facar en sangre<\/strong> despu\u00e9s de las comidas.<\/p>\n<\/li>\n<li data-start=\"1473\" data-end=\"1559\">\n<p data-start=\"1475\" data-end=\"1559\"><strong data-start=\"1475\" data-end=\"1502\">Efecto antiinflamatorio<\/strong> que alivia molestias articulares como artritis o gota.<\/p>\n<\/li>\n<li data-start=\"1560\" data-end=\"1630\">\n<p data-start=\"1562\" data-end=\"1630\"><strong data-start=\"1562\" data-end=\"1582\">Efecto diur\u00e9tico<\/strong> que ayuda a reducir la retenci\u00f3n de l\u00edquidos.<\/p>\n<\/li>\n<\/ul>\n<h3 data-start=\"1637\" data-end=\"1677\"><strong data-start=\"1643\" data-end=\"1677\">Recomendaciones y Modo de Uso:<\/strong><\/h3>\n<ul data-start=\"1678\" data-end=\"1840\">\n<li data-start=\"1678\" data-end=\"1733\">\n<p data-start=\"1680\" data-end=\"1733\">Perfecta para jugos, batidos, smoothies y cocteles.<\/p>\n<\/li>\n<li data-start=\"1734\" data-end=\"1799\">\n<p data-start=\"1736\" data-end=\"1799\">Ideal para mermeladas, salsas, helados, postres y reposter\u00eda.<\/p>\n<\/li>\n<li data-start=\"1800\" data-end=\"1840\">\n<p data-start=\"1802\" data-end=\"1840\">Lista para usar: descongela y sirve.<\/p>\n<\/li>\n<\/ul>","protected":false},"excerpt":{"rendered":"<p>Intensa, arom\u00e1tica y naturalmente \u00e1cida. Nuestra pulpa de mora conserva todo el sabor y color de la fruta fresca, rica en antioxidantes, vitamina C, K, E y fibra. Ideal para jugos, postres y reposter\u00eda. 100% natural, sin conservantes ni colorantes.<\/p>","protected":false},"featured_media":402,"comment_status":"open","ping_status":"closed","template":"","meta":[],"product_brand":[],"product_cat":[25],"product_tag":[],"class_list":{"0":"post-560","1":"product","2":"type-product","3":"status-publish","4":"has-post-thumbnail","6":"product_cat-locales","8":"first","9":"instock","10":"shipping-taxable","11":"purchasable","12":"product-type-simple"},"yoast_head":"<!-- This site is optimized with the Yoast SEO plugin v27.3 - https:\/\/yoast.com\/product\/yoast-seo-wordpress\/ -->\n<title>Pulpa de mora | Intensa, antioxidante y natural<\/title>\n<meta name=\"description\" content=\"Pulpa de mora 100% natural, rica en antioxidantes y fibra. Ideal para jugos, postres y reposter\u00eda. Sabor intenso y sin aditivos.\" \/>\n<meta name=\"robots\" content=\"index, follow, max-snippet:-1, max-image-preview:large, max-video-preview:-1\" \/>\n<link rel=\"canonical\" href=\"https:\/\/pulptogo.com\/en\/product\/pulpa-de-mora\/\" \/>\n<meta property=\"og:locale\" content=\"en_US\" \/>\n<meta property=\"og:type\" content=\"article\" \/>\n<meta property=\"og:title\" content=\"\ud83c\udf47 Pulpa de Mora | Natural, antioxidante y deliciosa\" \/>\n<meta property=\"og:description\" content=\"Disfruta el sabor intenso de la pulpa de mora, rica en antioxidantes, fibra y vitaminas. Ideal para jugos, postres y recetas saludables.\" \/>\n<meta property=\"og:url\" content=\"https:\/\/pulptogo.com\/en\/product\/pulpa-de-mora\/\" \/>\n<meta property=\"og:site_name\" content=\"PulpToGo\" \/>\n<meta property=\"article:publisher\" content=\"https:\/\/www.facebook.com\/profile.php?id=61569678068479\" \/>\n<meta property=\"article:modified_time\" content=\"2025-10-23T20:25:07+00:00\" \/>\n<meta property=\"og:image\" content=\"https:\/\/pulptogo.com\/wp-content\/uploads\/2025\/07\/PRODUCTO-14.webp\" \/>\n\t<meta property=\"og:image:width\" content=\"400\" \/>\n\t<meta property=\"og:image:height\" content=\"400\" \/>\n\t<meta property=\"og:image:type\" content=\"image\/webp\" \/>\n<meta name=\"twitter:card\" content=\"summary_large_image\" \/>\n<meta name=\"twitter:label1\" content=\"Est. reading time\" \/>\n\t<meta name=\"twitter:data1\" content=\"1 minute\" \/>\n<script type=\"application\/ld+json\" class=\"yoast-schema-graph\">{\"@context\":\"https:\\\/\\\/schema.org\",\"@graph\":[{\"@type\":\"WebPage\",\"@id\":\"https:\\\/\\\/pulptogo.com\\\/producto\\\/pulpa-de-mora\\\/\",\"url\":\"https:\\\/\\\/pulptogo.com\\\/producto\\\/pulpa-de-mora\\\/\",\"name\":\"Pulpa de mora | Intensa, antioxidante y natural\",\"isPartOf\":{\"@id\":\"https:\\\/\\\/pulptogo.com\\\/#website\"},\"primaryImageOfPage\":{\"@id\":\"https:\\\/\\\/pulptogo.com\\\/producto\\\/pulpa-de-mora\\\/#primaryimage\"},\"image\":{\"@id\":\"https:\\\/\\\/pulptogo.com\\\/producto\\\/pulpa-de-mora\\\/#primaryimage\"},\"thumbnailUrl\":\"https:\\\/\\\/pulptogo.com\\\/wp-content\\\/uploads\\\/2025\\\/07\\\/PRODUCTO-14.webp\",\"datePublished\":\"2025-08-11T03:38:54+00:00\",\"dateModified\":\"2025-10-23T20:25:07+00:00\",\"description\":\"Pulpa de mora 100% natural, rica en antioxidantes y fibra. Ideal para jugos, postres y reposter\u00eda. Sabor intenso y sin aditivos.\",\"breadcrumb\":{\"@id\":\"https:\\\/\\\/pulptogo.com\\\/producto\\\/pulpa-de-mora\\\/#breadcrumb\"},\"inLanguage\":\"en-US\",\"potentialAction\":[{\"@type\":\"ReadAction\",\"target\":[\"https:\\\/\\\/pulptogo.com\\\/producto\\\/pulpa-de-mora\\\/\"]}]},{\"@type\":\"ImageObject\",\"inLanguage\":\"en-US\",\"@id\":\"https:\\\/\\\/pulptogo.com\\\/producto\\\/pulpa-de-mora\\\/#primaryimage\",\"url\":\"https:\\\/\\\/pulptogo.com\\\/wp-content\\\/uploads\\\/2025\\\/07\\\/PRODUCTO-14.webp\",\"contentUrl\":\"https:\\\/\\\/pulptogo.com\\\/wp-content\\\/uploads\\\/2025\\\/07\\\/PRODUCTO-14.webp\",\"width\":400,\"height\":400},{\"@type\":\"BreadcrumbList\",\"@id\":\"https:\\\/\\\/pulptogo.com\\\/producto\\\/pulpa-de-mora\\\/#breadcrumb\",\"itemListElement\":[{\"@type\":\"ListItem\",\"position\":1,\"name\":\"Portada\",\"item\":\"https:\\\/\\\/pulptogo.com\\\/\"},{\"@type\":\"ListItem\",\"position\":2,\"name\":\"Productos\",\"item\":\"https:\\\/\\\/pulptogo.com\\\/reembolso_devoluciones\\\/\"},{\"@type\":\"ListItem\",\"position\":3,\"name\":\"PULPA DE MORA\"}]},{\"@type\":\"WebSite\",\"@id\":\"https:\\\/\\\/pulptogo.com\\\/#website\",\"url\":\"https:\\\/\\\/pulptogo.com\\\/\",\"name\":\"PulpToGo\",\"description\":\"Pulpas de Frutas congeladas 100% Naturales\",\"publisher\":{\"@id\":\"https:\\\/\\\/pulptogo.com\\\/#organization\"},\"alternateName\":\"Pulptogo\",\"potentialAction\":[{\"@type\":\"SearchAction\",\"target\":{\"@type\":\"EntryPoint\",\"urlTemplate\":\"https:\\\/\\\/pulptogo.com\\\/?s={search_term_string}\"},\"query-input\":{\"@type\":\"PropertyValueSpecification\",\"valueRequired\":true,\"valueName\":\"search_term_string\"}}],\"inLanguage\":\"en-US\"},{\"@type\":\"Organization\",\"@id\":\"https:\\\/\\\/pulptogo.com\\\/#organization\",\"name\":\"OpitasJuice\",\"alternateName\":\"OpitasJuice\",\"url\":\"https:\\\/\\\/pulptogo.com\\\/\",\"logo\":{\"@type\":\"ImageObject\",\"inLanguage\":\"en-US\",\"@id\":\"https:\\\/\\\/pulptogo.com\\\/#\\\/schema\\\/logo\\\/image\\\/\",\"url\":\"https:\\\/\\\/pulptogo.com\\\/wp-content\\\/uploads\\\/2025\\\/07\\\/Logo-Pulptogo-sombra-1.webp\",\"contentUrl\":\"https:\\\/\\\/pulptogo.com\\\/wp-content\\\/uploads\\\/2025\\\/07\\\/Logo-Pulptogo-sombra-1.webp\",\"width\":500,\"height\":500,\"caption\":\"OpitasJuice\"},\"image\":{\"@id\":\"https:\\\/\\\/pulptogo.com\\\/#\\\/schema\\\/logo\\\/image\\\/\"},\"sameAs\":[\"https:\\\/\\\/www.facebook.com\\\/profile.php?id=61569678068479\"]}]}<\/script>\n<!-- \/ Yoast SEO plugin. -->","yoast_head_json":{"title":"Pulpa de mora | Intensa, antioxidante y natural","description":"Pulpa de mora 100% natural, rica en antioxidantes y fibra. Ideal para jugos, postres y reposter\u00eda. Sabor intenso y sin aditivos.","robots":{"index":"index","follow":"follow","max-snippet":"max-snippet:-1","max-image-preview":"max-image-preview:large","max-video-preview":"max-video-preview:-1"},"canonical":"https:\/\/pulptogo.com\/en\/product\/pulpa-de-mora\/","og_locale":"en_US","og_type":"article","og_title":"\ud83c\udf47 Pulpa de Mora | Natural, antioxidante y deliciosa","og_description":"Disfruta el sabor intenso de la pulpa de mora, rica en antioxidantes, fibra y vitaminas. Ideal para jugos, postres y recetas saludables.","og_url":"https:\/\/pulptogo.com\/en\/product\/pulpa-de-mora\/","og_site_name":"PulpToGo","article_publisher":"https:\/\/www.facebook.com\/profile.php?id=61569678068479","article_modified_time":"2025-10-23T20:25:07+00:00","og_image":[{"width":400,"height":400,"url":"https:\/\/pulptogo.com\/wp-content\/uploads\/2025\/07\/PRODUCTO-14.webp","type":"image\/webp"}],"twitter_card":"summary_large_image","twitter_misc":{"Est. reading time":"1 minute"},"schema":{"@context":"https:\/\/schema.org","@graph":[{"@type":"WebPage","@id":"https:\/\/pulptogo.com\/producto\/pulpa-de-mora\/","url":"https:\/\/pulptogo.com\/producto\/pulpa-de-mora\/","name":"Pulpa de mora | Intensa, antioxidante y natural","isPartOf":{"@id":"https:\/\/pulptogo.com\/#website"},"primaryImageOfPage":{"@id":"https:\/\/pulptogo.com\/producto\/pulpa-de-mora\/#primaryimage"},"image":{"@id":"https:\/\/pulptogo.com\/producto\/pulpa-de-mora\/#primaryimage"},"thumbnailUrl":"https:\/\/pulptogo.com\/wp-content\/uploads\/2025\/07\/PRODUCTO-14.webp","datePublished":"2025-08-11T03:38:54+00:00","dateModified":"2025-10-23T20:25:07+00:00","description":"Pulpa de mora 100% natural, rica en antioxidantes y fibra. Ideal para jugos, postres y reposter\u00eda. Sabor intenso y sin aditivos.","breadcrumb":{"@id":"https:\/\/pulptogo.com\/producto\/pulpa-de-mora\/#breadcrumb"},"inLanguage":"en-US","potentialAction":[{"@type":"ReadAction","target":["https:\/\/pulptogo.com\/producto\/pulpa-de-mora\/"]}]},{"@type":"ImageObject","inLanguage":"en-US","@id":"https:\/\/pulptogo.com\/producto\/pulpa-de-mora\/#primaryimage","url":"https:\/\/pulptogo.com\/wp-content\/uploads\/2025\/07\/PRODUCTO-14.webp","contentUrl":"https:\/\/pulptogo.com\/wp-content\/uploads\/2025\/07\/PRODUCTO-14.webp","width":400,"height":400},{"@type":"BreadcrumbList","@id":"https:\/\/pulptogo.com\/producto\/pulpa-de-mora\/#breadcrumb","itemListElement":[{"@type":"ListItem","position":1,"name":"Portada","item":"https:\/\/pulptogo.com\/"},{"@type":"ListItem","position":2,"name":"Productos","item":"https:\/\/pulptogo.com\/reembolso_devoluciones\/"},{"@type":"ListItem","position":3,"name":"PULPA DE MORA"}]},{"@type":"WebSite","@id":"https:\/\/pulptogo.com\/#website","url":"https:\/\/pulptogo.com\/","name":"PulpToGo","description":"Pulpas de Frutas congeladas 100% Naturales","publisher":{"@id":"https:\/\/pulptogo.com\/#organization"},"alternateName":"Pulptogo","potentialAction":[{"@type":"SearchAction","target":{"@type":"EntryPoint","urlTemplate":"https:\/\/pulptogo.com\/?s={search_term_string}"},"query-input":{"@type":"PropertyValueSpecification","valueRequired":true,"valueName":"search_term_string"}}],"inLanguage":"en-US"},{"@type":"Organization","@id":"https:\/\/pulptogo.com\/#organization","name":"OpitasJuice","alternateName":"OpitasJuice","url":"https:\/\/pulptogo.com\/","logo":{"@type":"ImageObject","inLanguage":"en-US","@id":"https:\/\/pulptogo.com\/#\/schema\/logo\/image\/","url":"https:\/\/pulptogo.com\/wp-content\/uploads\/2025\/07\/Logo-Pulptogo-sombra-1.webp","contentUrl":"https:\/\/pulptogo.com\/wp-content\/uploads\/2025\/07\/Logo-Pulptogo-sombra-1.webp","width":500,"height":500,"caption":"OpitasJuice"},"image":{"@id":"https:\/\/pulptogo.com\/#\/schema\/logo\/image\/"},"sameAs":["https:\/\/www.facebook.com\/profile.php?id=61569678068479"]}]}},"_links":{"self":[{"href":"https:\/\/pulptogo.com\/en\/wp-json\/wp\/v2\/product\/560","targetHints":{"allow":["GET"]}}],"collection":[{"href":"https:\/\/pulptogo.com\/en\/wp-json\/wp\/v2\/product"}],"about":[{"href":"https:\/\/pulptogo.com\/en\/wp-json\/wp\/v2\/types\/product"}],"replies":[{"embeddable":true,"href":"https:\/\/pulptogo.com\/en\/wp-json\/wp\/v2\/comments?post=560"}],"wp:featuredmedia":[{"embeddable":true,"href":"https:\/\/pulptogo.com\/en\/wp-json\/wp\/v2\/media\/402"}],"wp:attachment":[{"href":"https:\/\/pulptogo.com\/en\/wp-json\/wp\/v2\/media?parent=560"}],"wp:term":[{"taxonomy":"product_brand","embeddable":true,"href":"https:\/\/pulptogo.com\/en\/wp-json\/wp\/v2\/product_brand?post=560"},{"taxonomy":"product_cat","embeddable":true,"href":"https:\/\/pulptogo.com\/en\/wp-json\/wp\/v2\/product_cat?post=560"},{"taxonomy":"product_tag","embeddable":true,"href":"https:\/\/pulptogo.com\/en\/wp-json\/wp\/v2\/product_tag?post=560"}],"curies":[{"name":"wp","href":"https:\/\/api.w.org\/{rel}","templated":true}]}}