 {"id":565,"date":"2025-08-11T04:06:02","date_gmt":"2025-08-11T04:06:02","guid":{"rendered":"https:\/\/pulptogo.com\/?post_type=product&#038;p=565"},"modified":"2025-10-23T19:45:31","modified_gmt":"2025-10-23T19:45:31","slug":"pulpa-limon-natural-vitamina-c","status":"publish","type":"product","link":"https:\/\/pulptogo.com\/en\/product\/pulpa-limon-natural-vitamina-c\/","title":{"rendered":"LEMON FRUIT"},"content":{"rendered":"<h2 data-start=\"622\" data-end=\"657\"><strong data-start=\"628\" data-end=\"655\">INFORMACI\u00d3N NUTRICIONAL<\/strong><\/h2>\n<p data-start=\"659\" data-end=\"902\">El <strong data-start=\"662\" data-end=\"671\">lim\u00f3n<\/strong> es una excelente fuente de vitamina C, antioxidantes y compuestos bioactivos. Ayuda a mejorar la digesti\u00f3n, fortalecer el sistema inmunol\u00f3gico, promover la salud de la piel, prevenir c\u00e1lculos renales y apoyar la p\u00e9rdida de peso.<\/p>\n<h3 data-start=\"909\" data-end=\"946\"><strong data-start=\"916\" data-end=\"944\">Beneficios del Producto:<\/strong><\/h3>\n<ul data-start=\"947\" data-end=\"1632\">\n<li data-start=\"947\" data-end=\"999\">\n<p data-start=\"949\" data-end=\"999\"><strong data-start=\"949\" data-end=\"972\">Mejora la digesti\u00f3n<\/strong> y alivia la indigesti\u00f3n.<\/p>\n<\/li>\n<li data-start=\"1000\" data-end=\"1073\">\n<p data-start=\"1002\" data-end=\"1073\"><strong data-start=\"1002\" data-end=\"1028\">Fortalece las defensas<\/strong> gracias a su alto contenido de vitamina C.<\/p>\n<\/li>\n<li data-start=\"1074\" data-end=\"1157\">\n<p data-start=\"1076\" data-end=\"1157\"><strong data-start=\"1076\" data-end=\"1093\">Cuida la piel<\/strong>, protegi\u00e9ndola del da\u00f1o solar y reduciendo arrugas y manchas.<\/p>\n<\/li>\n<li data-start=\"1158\" data-end=\"1223\">\n<p data-start=\"1160\" data-end=\"1223\"><strong data-start=\"1160\" data-end=\"1189\">Previene c\u00e1lculos renales<\/strong> por su aporte de \u00e1cido c\u00edtrico.<\/p>\n<\/li>\n<li data-start=\"1224\" data-end=\"1291\">\n<p data-start=\"1226\" data-end=\"1291\"><strong data-start=\"1226\" data-end=\"1256\">Regula el az\u00facar en sangre<\/strong> y apoya a personas con diabetes.<\/p>\n<\/li>\n<li data-start=\"1292\" data-end=\"1353\">\n<p data-start=\"1294\" data-end=\"1353\"><strong data-start=\"1294\" data-end=\"1318\">Ayuda a desintoxicar<\/strong> el organismo eliminando toxinas.<\/p>\n<\/li>\n<li data-start=\"1354\" data-end=\"1414\">\n<p data-start=\"1356\" data-end=\"1414\"><strong data-start=\"1356\" data-end=\"1387\">Favorece la p\u00e9rdida de peso<\/strong> al aumentar la saciedad.<\/p>\n<\/li>\n<li data-start=\"1415\" data-end=\"1496\">\n<p data-start=\"1417\" data-end=\"1496\"><strong data-start=\"1417\" data-end=\"1451\">Previene infecciones urinarias<\/strong> gracias a sus propiedades antibacterianas.<\/p>\n<\/li>\n<li data-start=\"1497\" data-end=\"1571\">\n<p data-start=\"1499\" data-end=\"1571\"><strong data-start=\"1499\" data-end=\"1524\">Mejora la salud bucal<\/strong> refrescando el aliento y previniendo caries.<\/p>\n<\/li>\n<li data-start=\"1572\" data-end=\"1632\">\n<p data-start=\"1574\" data-end=\"1632\"><strong data-start=\"1574\" data-end=\"1596\">Protege el coraz\u00f3n<\/strong> y mejora la salud cardiovascular.<\/p>\n<\/li>\n<\/ul>\n<h3 data-start=\"1639\" data-end=\"1681\"><strong data-start=\"1645\" data-end=\"1679\">Recomendaciones y Modo de Uso:<\/strong><\/h3>\n<ul data-start=\"1682\" data-end=\"1833\">\n<li data-start=\"1682\" data-end=\"1737\">\n<p data-start=\"1684\" data-end=\"1737\">Ideal para jugos, limonadas y bebidas refrescantes.<\/p>\n<\/li>\n<li data-start=\"1738\" data-end=\"1790\">\n<p data-start=\"1740\" data-end=\"1790\">Perfecta para cocteler\u00eda, reposter\u00eda y aderezos.<\/p>\n<\/li>\n<li data-start=\"1791\" data-end=\"1833\">\n<p data-start=\"1793\" data-end=\"1833\">Lista para usar: descongelar y servir.<\/p>\n<\/li>\n<\/ul>","protected":false},"excerpt":{"rendered":"<p data-start=\"166\" data-end=\"471\">Refrescante, \u00e1cida y llena de beneficios para la salud. Nuestra pulpa de lim\u00f3n es 100% natural, sin conservantes ni colorantes, ideal para jugos, bebidas, cocteler\u00eda y reposter\u00eda. Rica en vitamina C y antioxidantes, es perfecta para fortalecer las defensas y disfrutar de un sabor intenso y natural.<\/p>","protected":false},"featured_media":403,"comment_status":"open","ping_status":"closed","template":"","meta":[],"product_brand":[],"product_cat":[25],"product_tag":[],"class_list":{"0":"post-565","1":"product","2":"type-product","3":"status-publish","4":"has-post-thumbnail","6":"product_cat-locales","8":"first","9":"instock","10":"shipping-taxable","11":"purchasable","12":"product-type-simple"},"yoast_head":"<!-- This site is optimized with the Yoast SEO plugin v27.3 - https:\/\/yoast.com\/product\/yoast-seo-wordpress\/ -->\n<title>Pulpa de Lim\u00f3n Natural (125g) | Vitamina C y Digesti\u00f3n | PulpToGo<\/title>\n<meta name=\"description\" content=\"La Pulpa de Lim\u00f3n Natural que necesitas. Rica en Vitamina C, mejora la digesti\u00f3n, cuida tu piel y previene c\u00e1lculos renales. \u00a1P\u00eddela ya!\" \/>\n<meta name=\"robots\" content=\"index, follow, max-snippet:-1, max-image-preview:large, max-video-preview:-1\" \/>\n<link rel=\"canonical\" href=\"https:\/\/pulptogo.com\/en\/product\/pulpa-limon-natural-vitamina-c\/\" \/>\n<meta property=\"og:locale\" content=\"en_US\" \/>\n<meta property=\"og:type\" content=\"article\" \/>\n<meta property=\"og:title\" content=\"\ud83c\udf4b \u00a1S\u00faper Concentrado! Pulpa de Lim\u00f3n Natural - Digesti\u00f3n y Piel Perfecta\" \/>\n<meta property=\"og:description\" content=\"Potencia tu inmunidad con Vitamina C y protege tu piel. Previene c\u00e1lculos renales y apoya la digesti\u00f3n. \u00a1Tu dosis diaria de salud!\" \/>\n<meta property=\"og:url\" content=\"https:\/\/pulptogo.com\/en\/product\/pulpa-limon-natural-vitamina-c\/\" \/>\n<meta property=\"og:site_name\" content=\"PulpToGo\" \/>\n<meta property=\"article:publisher\" content=\"https:\/\/www.facebook.com\/profile.php?id=61569678068479\" \/>\n<meta property=\"article:modified_time\" content=\"2025-10-23T19:45:31+00:00\" \/>\n<meta property=\"og:image\" content=\"https:\/\/pulptogo.com\/wp-content\/uploads\/2025\/07\/PRODUCTO-15.webp\" \/>\n\t<meta property=\"og:image:width\" content=\"400\" \/>\n\t<meta property=\"og:image:height\" content=\"400\" \/>\n\t<meta property=\"og:image:type\" content=\"image\/webp\" \/>\n<meta name=\"twitter:card\" content=\"summary_large_image\" \/>\n<meta name=\"twitter:label1\" content=\"Est. reading time\" \/>\n\t<meta name=\"twitter:data1\" content=\"1 minute\" \/>\n<script type=\"application\/ld+json\" class=\"yoast-schema-graph\">{\"@context\":\"https:\\\/\\\/schema.org\",\"@graph\":[{\"@type\":\"WebPage\",\"@id\":\"https:\\\/\\\/pulptogo.com\\\/producto\\\/pulpa-limon-natural-vitamina-c\\\/\",\"url\":\"https:\\\/\\\/pulptogo.com\\\/producto\\\/pulpa-limon-natural-vitamina-c\\\/\",\"name\":\"Pulpa de Lim\u00f3n Natural (125g) | Vitamina C y Digesti\u00f3n | PulpToGo\",\"isPartOf\":{\"@id\":\"https:\\\/\\\/pulptogo.com\\\/#website\"},\"primaryImageOfPage\":{\"@id\":\"https:\\\/\\\/pulptogo.com\\\/producto\\\/pulpa-limon-natural-vitamina-c\\\/#primaryimage\"},\"image\":{\"@id\":\"https:\\\/\\\/pulptogo.com\\\/producto\\\/pulpa-limon-natural-vitamina-c\\\/#primaryimage\"},\"thumbnailUrl\":\"https:\\\/\\\/pulptogo.com\\\/wp-content\\\/uploads\\\/2025\\\/07\\\/PRODUCTO-15.webp\",\"datePublished\":\"2025-08-11T04:06:02+00:00\",\"dateModified\":\"2025-10-23T19:45:31+00:00\",\"description\":\"La Pulpa de Lim\u00f3n Natural que necesitas. Rica en Vitamina C, mejora la digesti\u00f3n, cuida tu piel y previene c\u00e1lculos renales. \u00a1P\u00eddela ya!\",\"breadcrumb\":{\"@id\":\"https:\\\/\\\/pulptogo.com\\\/producto\\\/pulpa-limon-natural-vitamina-c\\\/#breadcrumb\"},\"inLanguage\":\"en-US\",\"potentialAction\":[{\"@type\":\"ReadAction\",\"target\":[\"https:\\\/\\\/pulptogo.com\\\/producto\\\/pulpa-limon-natural-vitamina-c\\\/\"]}]},{\"@type\":\"ImageObject\",\"inLanguage\":\"en-US\",\"@id\":\"https:\\\/\\\/pulptogo.com\\\/producto\\\/pulpa-limon-natural-vitamina-c\\\/#primaryimage\",\"url\":\"https:\\\/\\\/pulptogo.com\\\/wp-content\\\/uploads\\\/2025\\\/07\\\/PRODUCTO-15.webp\",\"contentUrl\":\"https:\\\/\\\/pulptogo.com\\\/wp-content\\\/uploads\\\/2025\\\/07\\\/PRODUCTO-15.webp\",\"width\":400,\"height\":400,\"caption\":\"Pulpa de lim\u00f3n natural congelada, fuente de Vitamina C y antioxidantes\"},{\"@type\":\"BreadcrumbList\",\"@id\":\"https:\\\/\\\/pulptogo.com\\\/producto\\\/pulpa-limon-natural-vitamina-c\\\/#breadcrumb\",\"itemListElement\":[{\"@type\":\"ListItem\",\"position\":1,\"name\":\"Portada\",\"item\":\"https:\\\/\\\/pulptogo.com\\\/\"},{\"@type\":\"ListItem\",\"position\":2,\"name\":\"Productos\",\"item\":\"https:\\\/\\\/pulptogo.com\\\/reembolso_devoluciones\\\/\"},{\"@type\":\"ListItem\",\"position\":3,\"name\":\"PULPA DE LIMON\"}]},{\"@type\":\"WebSite\",\"@id\":\"https:\\\/\\\/pulptogo.com\\\/#website\",\"url\":\"https:\\\/\\\/pulptogo.com\\\/\",\"name\":\"PulpToGo\",\"description\":\"Pulpas de Frutas congeladas 100% Naturales\",\"publisher\":{\"@id\":\"https:\\\/\\\/pulptogo.com\\\/#organization\"},\"alternateName\":\"Pulptogo\",\"potentialAction\":[{\"@type\":\"SearchAction\",\"target\":{\"@type\":\"EntryPoint\",\"urlTemplate\":\"https:\\\/\\\/pulptogo.com\\\/?s={search_term_string}\"},\"query-input\":{\"@type\":\"PropertyValueSpecification\",\"valueRequired\":true,\"valueName\":\"search_term_string\"}}],\"inLanguage\":\"en-US\"},{\"@type\":\"Organization\",\"@id\":\"https:\\\/\\\/pulptogo.com\\\/#organization\",\"name\":\"OpitasJuice\",\"alternateName\":\"OpitasJuice\",\"url\":\"https:\\\/\\\/pulptogo.com\\\/\",\"logo\":{\"@type\":\"ImageObject\",\"inLanguage\":\"en-US\",\"@id\":\"https:\\\/\\\/pulptogo.com\\\/#\\\/schema\\\/logo\\\/image\\\/\",\"url\":\"https:\\\/\\\/pulptogo.com\\\/wp-content\\\/uploads\\\/2025\\\/07\\\/Logo-Pulptogo-sombra-1.webp\",\"contentUrl\":\"https:\\\/\\\/pulptogo.com\\\/wp-content\\\/uploads\\\/2025\\\/07\\\/Logo-Pulptogo-sombra-1.webp\",\"width\":500,\"height\":500,\"caption\":\"OpitasJuice\"},\"image\":{\"@id\":\"https:\\\/\\\/pulptogo.com\\\/#\\\/schema\\\/logo\\\/image\\\/\"},\"sameAs\":[\"https:\\\/\\\/www.facebook.com\\\/profile.php?id=61569678068479\"]}]}<\/script>\n<!-- \/ Yoast SEO plugin. -->","yoast_head_json":{"title":"Pulpa de Lim\u00f3n Natural (125g) | Vitamina C y Digesti\u00f3n | PulpToGo","description":"La Pulpa de Lim\u00f3n Natural que necesitas. Rica en Vitamina C, mejora la digesti\u00f3n, cuida tu piel y previene c\u00e1lculos renales. \u00a1P\u00eddela ya!","robots":{"index":"index","follow":"follow","max-snippet":"max-snippet:-1","max-image-preview":"max-image-preview:large","max-video-preview":"max-video-preview:-1"},"canonical":"https:\/\/pulptogo.com\/en\/product\/pulpa-limon-natural-vitamina-c\/","og_locale":"en_US","og_type":"article","og_title":"\ud83c\udf4b \u00a1S\u00faper Concentrado! Pulpa de Lim\u00f3n Natural - Digesti\u00f3n y Piel Perfecta","og_description":"Potencia tu inmunidad con Vitamina C y protege tu piel. Previene c\u00e1lculos renales y apoya la digesti\u00f3n. \u00a1Tu dosis diaria de salud!","og_url":"https:\/\/pulptogo.com\/en\/product\/pulpa-limon-natural-vitamina-c\/","og_site_name":"PulpToGo","article_publisher":"https:\/\/www.facebook.com\/profile.php?id=61569678068479","article_modified_time":"2025-10-23T19:45:31+00:00","og_image":[{"width":400,"height":400,"url":"https:\/\/pulptogo.com\/wp-content\/uploads\/2025\/07\/PRODUCTO-15.webp","type":"image\/webp"}],"twitter_card":"summary_large_image","twitter_misc":{"Est. reading time":"1 minute"},"schema":{"@context":"https:\/\/schema.org","@graph":[{"@type":"WebPage","@id":"https:\/\/pulptogo.com\/producto\/pulpa-limon-natural-vitamina-c\/","url":"https:\/\/pulptogo.com\/producto\/pulpa-limon-natural-vitamina-c\/","name":"Pulpa de Lim\u00f3n Natural (125g) | Vitamina C y Digesti\u00f3n | PulpToGo","isPartOf":{"@id":"https:\/\/pulptogo.com\/#website"},"primaryImageOfPage":{"@id":"https:\/\/pulptogo.com\/producto\/pulpa-limon-natural-vitamina-c\/#primaryimage"},"image":{"@id":"https:\/\/pulptogo.com\/producto\/pulpa-limon-natural-vitamina-c\/#primaryimage"},"thumbnailUrl":"https:\/\/pulptogo.com\/wp-content\/uploads\/2025\/07\/PRODUCTO-15.webp","datePublished":"2025-08-11T04:06:02+00:00","dateModified":"2025-10-23T19:45:31+00:00","description":"La Pulpa de Lim\u00f3n Natural que necesitas. Rica en Vitamina C, mejora la digesti\u00f3n, cuida tu piel y previene c\u00e1lculos renales. \u00a1P\u00eddela ya!","breadcrumb":{"@id":"https:\/\/pulptogo.com\/producto\/pulpa-limon-natural-vitamina-c\/#breadcrumb"},"inLanguage":"en-US","potentialAction":[{"@type":"ReadAction","target":["https:\/\/pulptogo.com\/producto\/pulpa-limon-natural-vitamina-c\/"]}]},{"@type":"ImageObject","inLanguage":"en-US","@id":"https:\/\/pulptogo.com\/producto\/pulpa-limon-natural-vitamina-c\/#primaryimage","url":"https:\/\/pulptogo.com\/wp-content\/uploads\/2025\/07\/PRODUCTO-15.webp","contentUrl":"https:\/\/pulptogo.com\/wp-content\/uploads\/2025\/07\/PRODUCTO-15.webp","width":400,"height":400,"caption":"Pulpa de lim\u00f3n natural congelada, fuente de Vitamina C y antioxidantes"},{"@type":"BreadcrumbList","@id":"https:\/\/pulptogo.com\/producto\/pulpa-limon-natural-vitamina-c\/#breadcrumb","itemListElement":[{"@type":"ListItem","position":1,"name":"Portada","item":"https:\/\/pulptogo.com\/"},{"@type":"ListItem","position":2,"name":"Productos","item":"https:\/\/pulptogo.com\/reembolso_devoluciones\/"},{"@type":"ListItem","position":3,"name":"PULPA DE LIMON"}]},{"@type":"WebSite","@id":"https:\/\/pulptogo.com\/#website","url":"https:\/\/pulptogo.com\/","name":"PulpToGo","description":"Pulpas de Frutas congeladas 100% Naturales","publisher":{"@id":"https:\/\/pulptogo.com\/#organization"},"alternateName":"Pulptogo","potentialAction":[{"@type":"SearchAction","target":{"@type":"EntryPoint","urlTemplate":"https:\/\/pulptogo.com\/?s={search_term_string}"},"query-input":{"@type":"PropertyValueSpecification","valueRequired":true,"valueName":"search_term_string"}}],"inLanguage":"en-US"},{"@type":"Organization","@id":"https:\/\/pulptogo.com\/#organization","name":"OpitasJuice","alternateName":"OpitasJuice","url":"https:\/\/pulptogo.com\/","logo":{"@type":"ImageObject","inLanguage":"en-US","@id":"https:\/\/pulptogo.com\/#\/schema\/logo\/image\/","url":"https:\/\/pulptogo.com\/wp-content\/uploads\/2025\/07\/Logo-Pulptogo-sombra-1.webp","contentUrl":"https:\/\/pulptogo.com\/wp-content\/uploads\/2025\/07\/Logo-Pulptogo-sombra-1.webp","width":500,"height":500,"caption":"OpitasJuice"},"image":{"@id":"https:\/\/pulptogo.com\/#\/schema\/logo\/image\/"},"sameAs":["https:\/\/www.facebook.com\/profile.php?id=61569678068479"]}]}},"_links":{"self":[{"href":"https:\/\/pulptogo.com\/en\/wp-json\/wp\/v2\/product\/565","targetHints":{"allow":["GET"]}}],"collection":[{"href":"https:\/\/pulptogo.com\/en\/wp-json\/wp\/v2\/product"}],"about":[{"href":"https:\/\/pulptogo.com\/en\/wp-json\/wp\/v2\/types\/product"}],"replies":[{"embeddable":true,"href":"https:\/\/pulptogo.com\/en\/wp-json\/wp\/v2\/comments?post=565"}],"wp:featuredmedia":[{"embeddable":true,"href":"https:\/\/pulptogo.com\/en\/wp-json\/wp\/v2\/media\/403"}],"wp:attachment":[{"href":"https:\/\/pulptogo.com\/en\/wp-json\/wp\/v2\/media?parent=565"}],"wp:term":[{"taxonomy":"product_brand","embeddable":true,"href":"https:\/\/pulptogo.com\/en\/wp-json\/wp\/v2\/product_brand?post=565"},{"taxonomy":"product_cat","embeddable":true,"href":"https:\/\/pulptogo.com\/en\/wp-json\/wp\/v2\/product_cat?post=565"},{"taxonomy":"product_tag","embeddable":true,"href":"https:\/\/pulptogo.com\/en\/wp-json\/wp\/v2\/product_tag?post=565"}],"curies":[{"name":"wp","href":"https:\/\/api.w.org\/{rel}","templated":true}]}}